{"id":1351,"date":"2021-03-03T00:15:35","date_gmt":"2021-03-02T23:15:35","guid":{"rendered":"https:\/\/www.fotowoltaikaexpert.pl\/?page_id=1351"},"modified":"2021-07-04T20:52:38","modified_gmt":"2021-07-04T18:52:38","slug":"panels-installation-copy-copy-2-2-2","status":"publish","type":"page","link":"https:\/\/www.fotowoltaikaexpert.pl\/?page_id=1351","title":{"rendered":"System SolarEdge"},"content":{"rendered":"\t\t<div data-elementor-type=\"wp-page\" data-elementor-id=\"1351\" class=\"elementor elementor-1351\" data-elementor-settings=\"[]\">\n\t\t\t\t\t\t\t<div class=\"elementor-section-wrap\">\n\t\t\t\t\t\t\t<section class=\"elementor-section elementor-top-section elementor-element elementor-element-a825db9 service-details-me elementor-section-boxed elementor-section-height-default elementor-section-height-default\" data-id=\"a825db9\" data-element_type=\"section\">\n\t\t\t\t\t\t<div class=\"elementor-container elementor-column-gap-default\">\n\t\t\t\t\t<div class=\"elementor-column elementor-col-66 elementor-top-column elementor-element elementor-element-6ecfac9 service-details \" data-id=\"6ecfac9\" data-element_type=\"column\">\n\t\t\t<div class=\"elementor-widget-wrap elementor-element-populated\">\n\t\t\t\t\t\t\t\t<div class=\"elementor-element elementor-element-64bcbfe elementor-widget elementor-widget-service_single_area__o\" data-id=\"64bcbfe\" data-element_type=\"widget\" data-widget_type=\"service_single_area__o.default\">\n\t\t\t\t<div class=\"elementor-widget-container\">\n\t\t\t            <div class=\"main-image\">\n                <img decoding=\"async\" src=\"https:\/\/www.fotowoltaikaexpert.pl\/wp-content\/uploads\/2021\/07\/2021-07-04-19_58_59-Window.png\" alt=\"\">\n            <\/div>\n            <div class=\"sec-title service-title\">\n                <h2>SolarEdge<\/h2>\n                <div class=\"subtitle\">Optymalizacja produkcji<\/div>\n                <div class=\"bottom-dots clearfix\">\n                    <span class=\"dot line-dot\"><\/span>\n                    <span class=\"dot\"><\/span>\n                    <span class=\"dot\"><\/span>\n                    <span class=\"dot\"><\/span>\n                <\/div>\n            <\/div>\n            <div class=\"text-block text-content\">\n                <div style=\"text-align: justify\"><!-- wp:paragraph -->\n<p>Za\u0142o\u017cona w 2006 roku firma SolarEdge opracowa\u0142a systemy fotowoltaiczne wyr\u00f3\u017cniaj\u0105ce si\u0119 zoptymalizowan\u0105 metod\u0105 zbierania energii i zarz\u0105dzania ni\u0105. Rozwi\u0105zania oferowane przez firm\u0119 SolarEdge maksymalizuj\u0105 ilo\u015b\u0107 wytwarzanej energii przy jednoczesnym obni\u017ceniu koszt\u00f3w jej wytworzenia.<\/p>\n<!-- \/wp:paragraph -->\n\n<!-- wp:paragraph -->\n<p><strong>Oferta<\/strong><\/p>\n<!-- \/wp:paragraph -->\n\n<!-- wp:paragraph -->\n<p>Firma SolarEdge oferuje szerok\u0105 gam\u0119 produkt\u00f3w dostosowanych zar\u00f3wno do u\u017cytku domowego, jak i przemys\u0142owego. Firma zapewnia r\u00f3wnie\u017c rozwi\u0105zania do magazynowania energii, \u0142adowania pojazd\u00f3w elektrycznych oraz systemy domowego zarz\u0105dzania energi\u0105.<\/p>\n<!-- \/wp:paragraph -->\n\n<!-- wp:paragraph -->\n<p><strong>Korzy\u015bci z optymalizacji<\/strong><\/p>\n<!-- \/wp:paragraph -->\n\n<!-- wp:list -->\n<ul><li>Zaawansowany monitoring \u2013 System monitoruj\u0105cy firmy SolarEdge pozwala \u015bledzi\u0107 wydajno\u015b\u0107 ka\u017cdego modu\u0142u w systemie przez ca\u0142y czas, dostarczaj\u0105c aktualnych informacji o wydajno\u015bci systemu w dowolnym czasie i miejscu.<\/li><li>Bezpiecze\u0144stwo \u2013 Zastosowanie funkcji SafeDC pozwala na od\u0142\u0105czenie od sieci przewod\u00f3w pr\u0105du sta\u0142ego w przypadku zaniku pr\u0105du zmiennego.&nbsp; Ma to za zadanie ochron\u0119 instalator\u00f3w, w\u0142a\u015bcicieli dom\u00f3w, stra\u017cak\u00f3w oraz samego sprz\u0119tu.<\/li><li>Swobodne projektowanie \u2013 Modu\u0142y z optymalizacj\u0105 SolarEge mo\u017cna swobodnie \u0142\u0105czy\u0107 ze sob\u0105 i rozlokowa\u0107 na dachu zgodnie z dost\u0119pnym miejscem, bez strat w osi\u0105gach instalacji.<\/li><li>Wi\u0119ksze uzyski \u2013 Optymalizacja pracy paneli pozwala na eliminacj\u0119 strat i maksymalizacj\u0119 produkcji energii.<\/li><\/ul>\n<!-- \/wp:list -->\n\n<!-- wp:paragraph -->\n<br \/><p><strong>Pozycja na rynku<\/strong><\/p>\n<!-- \/wp:paragraph -->\n\n<!-- wp:paragraph -->\n<p>Od czasu swojego debiutu na ameryka\u0144skiej gie\u0142dzie NASDAQ w 2015 roku firma&nbsp; SolarEdge nieprzerwanie wykazuje znaczny wzrost przychod\u00f3w. Od 2010 roku firma SolarEdge rozes\u0142a\u0142a na ca\u0142ym \u015bwiecie ponad milion inwerter\u00f3w i ponad 30 milion\u00f3w optymalizator\u00f3w mocy. Systemy monitoruj\u0105ce SolarEdge.&nbsp;<\/p>\n<!-- \/wp:paragraph -->\n\n<!-- wp:paragraph -->\n<p><strong>SolarEdge<\/strong> jest na tyle pewny swoich rozwi\u0105za\u0144, \u017ce daje 25 lat gwarancji na optymalizatory mocy i 12 lat, z mo\u017cliwo\u015bci\u0105 przed\u0142u\u017cenia do 20,&nbsp; na falowniki. SolarEdge dok\u0142ada wszelkich stara\u0144, aby instalacje wzbogacone o optymalizacje mia\u0142y w okresie gwarancji, jak i poza nim pe\u0142ne, sprawne i profesjonalne wsparcie serwisowe. Z tego powodu firma nawi\u0105zuje wsp\u00f3\u0142prac\u0119 z cenionymi i&nbsp; sprawdzonymi instalatorami na rynkach, w kt\u00f3rych operuje.<\/p>\n<!-- \/wp:paragraph -->\n\n<!-- wp:heading {\"level\":3} -->\n<h3><strong>Zaufanie do produktu<\/strong><\/h3>\n<!-- \/wp:heading -->\n\n<!-- wp:paragraph -->\n<p>Produkty marki SolarEdge przechodz\u0105 <strong>rygorystyczne testy<\/strong>, a przed wypuszczeniem na rynek s\u0105 dodatkowo testowane w komorach przyspieszonego zu\u017cycia. Firma zapewnia imponuj\u0105c\u0105, a\u017c <strong>25-letni\u0105 gwarancj\u0119<\/strong> na optymalizatory i <strong>12-letni\u0105 gwarancj\u0119<\/strong> na inwertery (z mo\u017cliwo\u015bci\u0105 rozszerzenia do <strong>20<\/strong> lub <strong>25 <\/strong>lat).czuwaj\u0105 nad setkami tysi\u0119cy instalacji na ca\u0142ym \u015bwiecie.<\/p>\n<!-- \/wp:paragraph -->\n\n<!-- wp:heading {\"level\":3} -->\n<h3><strong>Zasada dzia\u0142ania<\/strong><\/h3>\n<!-- \/wp:heading -->\n\n<!-- wp:paragraph -->\n<p>W instalacji SolarEdge ka\u017cdy modu\u0142 PV jest pod\u0142\u0105czony do <strong>inteligentnego uk\u0142adu elektronicznego<\/strong> zwanego optymalizatorem mocy. Optymalizatory mocy <strong>maksymalizuj\u0105 produkcj\u0119 energii<\/strong> s\u0142onecznej z ka\u017cdego modu\u0142u oddzielnie, tym samym <strong>zmniejszaj\u0105c straty mocy<\/strong>. Je\u015bli pojedynczy modu\u0142 nie dzia\u0142a prawid\u0142owo, nie wp\u0142ywa to na wydajno\u015b\u0107 \u017cadnego z pozosta\u0142ych modu\u0142\u00f3w w \u0142a\u0144cuchu. Ka\u017cdy system firmy&nbsp; SolarEdge korzysta dodatkowo z zaawansowanego uk\u0142adu monitoruj\u0105cego, kt\u00f3ry<strong> \u015bledzi i raportuje wydajno\u015b\u0107<\/strong> ka\u017cdego modu\u0142u.<\/p>\n<!-- \/wp:paragraph -->\n\n<!-- wp:heading {\"level\":3} -->\n<h3><strong>Maksymalna moc ka\u017cdego z modu\u0142\u00f3w<\/h3><\/strong>\n<!-- \/wp:heading -->\n\n\nW systemie fotowoltaicznym ka\u017cdy modu\u0142 posiada indywidualny maksymalny punkt mocy (MPP). R\u00f3\u017cnice pomi\u0119dzy modu\u0142ami skutkuj\u0105 powstawaniem strat mocy. \n<br \/><br \/>\nPowodem strat mocy mog\u0105 by\u0107:\n<ul>\n<li>   - zanieczyszczenie<\/li>\n<li>    -  tolerancja produkcyjna<\/li>\n<li>     - potencjalne zacienienienie w przysz\u0142o\u015bci<\/li>\n<li>     - \u015bnieg<\/li>\n<li>     - ptasie odchody<\/li>\n<li>     - li\u015bcie<\/li>\n<\/ul>\n<br \/>\n<p>W przypadku tradycyjnych falownik\u00f3w najs\u0142abszy modu\u0142 obni\u017ca moc wszystkich pozosta\u0142ych. Dzi\u0119ki SolarEdge ka\u017cdy z modu\u0142\u00f3w generuje maksimum mocy bez strat<\/p>\n<\/div>            <\/div>\n            <div class=\"featured-list\">\n                <ul class=\"clearfix\">\n                                            <li>\n                            <div class=\"icon\"><i aria-hidden=\"true\" class=\" flaticon-solar-energy\"><\/i><\/div>\n                            <div class=\"title\">Pe\u0142na przejrzysto\u015b\u0107 mocy instalacji<\/div>\n                        <\/li>\n                                            <li>\n                            <div class=\"icon\"><i aria-hidden=\"true\" class=\" flaticon-solar-panel\"><\/i><\/div>\n                            <div class=\"title\">Monitoruj moc ka\u017cdego z modu\u0142\u00f3w<\/div>\n                        <\/li>\n                                            <li>\n                            <div class=\"icon\"><i aria-hidden=\"true\" class=\"fas fa-wifi\"><\/i><\/div>\n                            <div class=\"title\">Podgl\u0105daj produkcj\u0119 przez internet<\/div>\n                        <\/li>\n                                    <\/ul>\n            <\/div>\n            <div class=\"row clearfix\">\n                                    <div class=\"featured-link-block col-md-6 col-sm-12\">\n                        <div class=\"inner\">\n                            <div class=\"image\"><a href=\"#\" class=\"\"><img decoding=\"async\" src=\"https:\/\/www.fotowoltaikaexpert.pl\/wp-content\/uploads\/2021\/02\/tradycyjny-solar-1a.jpg\" alt=\"\"><\/a><\/div>\n                            <div class=\"caption-box\">\n                                <span class=\"title\"><a href=\"javascript:void(0)\">Tradycyjny falownik<\/a><\/span>\n                            <\/div>\n                        <\/div>\n                    <\/div>\n                                    <div class=\"featured-link-block col-md-6 col-sm-12\">\n                        <div class=\"inner\">\n                            <div class=\"image\"><a href=\"#\" class=\"\"><img decoding=\"async\" src=\"https:\/\/www.fotowoltaikaexpert.pl\/wp-content\/uploads\/2021\/02\/system-solaredge-2a.jpg\" alt=\"\"><\/a><\/div>\n                            <div class=\"caption-box\">\n                                <span class=\"title\"><a href=\"javascript:void(0)\">System solaredge<\/a><\/span>\n                            <\/div>\n                        <\/div>\n                    <\/div>\n                            <\/div>\n                                \t\t<\/div>\n\t\t\t\t<\/div>\n\t\t\t\t<div class=\"elementor-element elementor-element-c72b9ad elementor-aspect-ratio-169 elementor-widget elementor-widget-video\" data-id=\"c72b9ad\" data-element_type=\"widget\" data-settings=\"{&quot;youtube_url&quot;:&quot;https:\\\/\\\/www.youtube.com\\\/watch?v=XrXLFVcpPnI&amp;feature=emb_logo&quot;,&quot;video_type&quot;:&quot;youtube&quot;,&quot;controls&quot;:&quot;yes&quot;,&quot;aspect_ratio&quot;:&quot;169&quot;}\" data-widget_type=\"video.default\">\n\t\t\t\t<div class=\"elementor-widget-container\">\n\t\t\t\t\t<div class=\"elementor-wrapper elementor-fit-aspect-ratio elementor-open-inline\">\n\t\t\t<div class=\"elementor-video\"><\/div>\t\t<\/div>\n\t\t\t\t<\/div>\n\t\t\t\t<\/div>\n\t\t\t\t\t<\/div>\n\t\t<\/div>\n\t\t\t\t<div class=\"elementor-column elementor-col-33 elementor-top-column elementor-element elementor-element-b2a18ee sidebar service-sidebar\" data-id=\"b2a18ee\" data-element_type=\"column\">\n\t\t\t<div class=\"elementor-widget-wrap elementor-element-populated\">\n\t\t\t\t\t\t\t\t<div class=\"elementor-element elementor-element-68357d9 elementor-widget elementor-widget-servicemenu_area__o\" data-id=\"68357d9\" data-element_type=\"widget\" data-widget_type=\"servicemenu_area__o.default\">\n\t\t\t\t<div class=\"elementor-widget-container\">\n\t\t\t            <div class=\"sidebar-widget services-widget\">\n                <div class=\"widget-inner\">\n                    <ul>\n                                                    <li class=\"active\"><a href=\"https:\/\/www.fotowoltaikaexpert.pl\/?page_id=1351 \" ><span class=\"txt\">System SolarEdge<\/span> <span class=\"icon\"><i aria-hidden=\"true\" class=\" flaticon-solar-energy\"><\/i><\/span><\/a><\/li>\n                                                    <li class=\"\"><a href=\"https:\/\/www.fotowoltaikaexpert.pl\/?page_id=1715 \" ><span class=\"txt\">System Huawei<\/span> <span class=\"icon\"><i aria-hidden=\"true\" class=\" flaticon-solar-energy\"><\/i><\/span><\/a><\/li>\n                                                    <li class=\"\"><a href=\"https:\/\/www.fotowoltaikaexpert.pl\/?page_id=1655 \" ><span class=\"txt\">System Fronius<\/span> <span class=\"icon\"><i aria-hidden=\"true\" class=\" flaticon-solar-panel-1\"><\/i><\/span><\/a><\/li>\n                                                    <li class=\"\"><a href=\"https:\/\/www.fotowoltaikaexpert.pl\/?page_id=1706 \" ><span class=\"txt\">Panele Sharp<\/span> <span class=\"icon\"><i aria-hidden=\"true\" class=\" flaticon-solar-energy\"><\/i><\/span><\/a><\/li>\n                                                    <li class=\"\"><a href=\"https:\/\/www.fotowoltaikaexpert.pl\/?page_id=1378 \" ><span class=\"txt\">Panele LongiSolar<\/span> <span class=\"icon\"><i aria-hidden=\"true\" class=\" flaticon-solar-panel-1\"><\/i><\/span><\/a><\/li>\n                                            <\/ul>\n                <\/div>\n            <\/div>\n        \t\t<\/div>\n\t\t\t\t<\/div>\n\t\t\t\t<div class=\"elementor-element elementor-element-dafb419 elementor-widget elementor-widget-actionbar_area__o\" data-id=\"dafb419\" data-element_type=\"widget\" data-widget_type=\"actionbar_area__o.default\">\n\t\t\t\t<div class=\"elementor-widget-container\">\n\t\t\t            <div class=\"sidebar-widget info-widget\">\n                <div class=\"widget-inner\">\n                    <div class=\"image\"><a href=\"#\" class=\"\"><img decoding=\"async\" src=\"https:\/\/www.fotowoltaikaexpert.pl\/wp-content\/uploads\/2020\/06\/featured-image-38.jpg\" alt=\"\"><\/a><\/div>\n                    <div class=\"lower\">\n                        \n                        <div class=\"subtitle\">Masz jakie\u015b pytania? <br>Zadzwo\u0144 !<\/div>\n                        <div class=\"icon-box\"><span class=\"flaticon-telephone-1\"><\/span><\/div>\n                        <div class=\"phone\"><a href=\"tel:+48 784 990 490\">+48 784 990 490 <\/a><\/div>\n                        <div class=\"email\"><a href=\"mailto:biuro@fotowoltaikaexpert.pl\">biuro@fotowoltaikaexpert.pl<\/a><\/div>                    <\/div>\n                <\/div>\n            <\/div>\n        \t\t<\/div>\n\t\t\t\t<\/div>\n\t\t\t\t<div class=\"elementor-element elementor-element-866855f elementor-widget elementor-widget-html\" data-id=\"866855f\" data-element_type=\"widget\" data-widget_type=\"html.default\">\n\t\t\t\t<div class=\"elementor-widget-container\">\n\t\t\t<div class=\"sidebar-widget downloads-widget\">\n                            <div class=\"widget-inner\">\n                                <h3>Dodatkowe materia\u0142y<\/h3>\n                                <ul>\n                                    <li><a href=\"https:\/\/www.fotowoltaikaexpert.pl\/wp-content\/uploads\/2021\/02\/se-three-phase-e-series-inverter-datasheet-pl.pdf\"><span class=\"far fa-file-pdf\"><\/span> Falownik solaredge 3-fazy<\/a><\/li>\n                                    <li><a href=\"https:\/\/www.fotowoltaikaexpert.pl\/wp-content\/uploads\/2021\/02\/se_compact_residential_solution_ds_pl.pdf\"><span class=\"far fa-file-pdf\"><\/span> Falownik SolarEdge 1-faza<\/a><\/li>\n                                   \n                                <\/ul>\n                            <\/div>\n                        <\/div>\t\t<\/div>\n\t\t\t\t<\/div>\n\t\t\t\t\t<\/div>\n\t\t<\/div>\n\t\t\t\t\t\t\t<\/div>\n\t\t<\/section>\n\t\t\t\t\t\t<\/div>\n\t\t\t\t\t<\/div>\n\t\t","protected":false},"excerpt":{"rendered":"<p>SolarEdge Optymalizacja produkcji Za\u0142o\u017cona w 2006 roku firma SolarEdge [&hellip;]<\/p>\n","protected":false},"author":1,"featured_media":25,"parent":566,"menu_order":2,"comment_status":"closed","ping_status":"closed","template":"elementor_header_footer","meta":{"footnotes":""},"class_list":["post-1351","page","type-page","status-publish","has-post-thumbnail","hentry"],"_links":{"self":[{"href":"https:\/\/www.fotowoltaikaexpert.pl\/index.php?rest_route=\/wp\/v2\/pages\/1351","targetHints":{"allow":["GET"]}}],"collection":[{"href":"https:\/\/www.fotowoltaikaexpert.pl\/index.php?rest_route=\/wp\/v2\/pages"}],"about":[{"href":"https:\/\/www.fotowoltaikaexpert.pl\/index.php?rest_route=\/wp\/v2\/types\/page"}],"author":[{"embeddable":true,"href":"https:\/\/www.fotowoltaikaexpert.pl\/index.php?rest_route=\/wp\/v2\/users\/1"}],"replies":[{"embeddable":true,"href":"https:\/\/www.fotowoltaikaexpert.pl\/index.php?rest_route=%2Fwp%2Fv2%2Fcomments&post=1351"}],"version-history":[{"count":27,"href":"https:\/\/www.fotowoltaikaexpert.pl\/index.php?rest_route=\/wp\/v2\/pages\/1351\/revisions"}],"predecessor-version":[{"id":1733,"href":"https:\/\/www.fotowoltaikaexpert.pl\/index.php?rest_route=\/wp\/v2\/pages\/1351\/revisions\/1733"}],"up":[{"embeddable":true,"href":"https:\/\/www.fotowoltaikaexpert.pl\/index.php?rest_route=\/wp\/v2\/pages\/566"}],"wp:featuredmedia":[{"embeddable":true,"href":"https:\/\/www.fotowoltaikaexpert.pl\/index.php?rest_route=\/wp\/v2\/media\/25"}],"wp:attachment":[{"href":"https:\/\/www.fotowoltaikaexpert.pl\/index.php?rest_route=%2Fwp%2Fv2%2Fmedia&parent=1351"}],"curies":[{"name":"wp","href":"https:\/\/api.w.org\/{rel}","templated":true}]}}