{"id":1378,"date":"2021-03-03T00:27:58","date_gmt":"2021-03-02T23:27:58","guid":{"rendered":"https:\/\/www.fotowoltaikaexpert.pl\/?page_id=1378"},"modified":"2021-07-04T21:00:13","modified_gmt":"2021-07-04T19:00:13","slug":"panels-installation-copy-copy-2-2-2-2","status":"publish","type":"page","link":"https:\/\/www.fotowoltaikaexpert.pl\/?page_id=1378","title":{"rendered":"Panele LongiSolar"},"content":{"rendered":"\t\t<div data-elementor-type=\"wp-page\" data-elementor-id=\"1378\" class=\"elementor elementor-1378\" data-elementor-settings=\"[]\">\n\t\t\t\t\t\t\t<div class=\"elementor-section-wrap\">\n\t\t\t\t\t\t\t<section class=\"elementor-section elementor-top-section elementor-element elementor-element-a825db9 service-details-me elementor-section-boxed elementor-section-height-default elementor-section-height-default\" data-id=\"a825db9\" data-element_type=\"section\">\n\t\t\t\t\t\t<div class=\"elementor-container elementor-column-gap-default\">\n\t\t\t\t\t<div class=\"elementor-column elementor-col-66 elementor-top-column elementor-element elementor-element-6ecfac9 service-details \" data-id=\"6ecfac9\" data-element_type=\"column\">\n\t\t\t<div class=\"elementor-widget-wrap elementor-element-populated\">\n\t\t\t\t\t\t\t\t<div class=\"elementor-element elementor-element-64bcbfe elementor-widget elementor-widget-service_single_area__o\" data-id=\"64bcbfe\" data-element_type=\"widget\" data-widget_type=\"service_single_area__o.default\">\n\t\t\t\t<div class=\"elementor-widget-container\">\n\t\t\t            <div class=\"main-image\">\n                <img decoding=\"async\" src=\"https:\/\/www.fotowoltaikaexpert.pl\/wp-content\/uploads\/2021\/02\/solar-panels-fhd-ultrapv.jpg\" alt=\"\">\n            <\/div>\n            <div class=\"sec-title service-title\">\n                <h2>LongiSolar<\/h2>\n                <div class=\"subtitle\">Panele LONGi do po\u0142\u0105czenie przetestowanej w boju jako\u015bci oraz niskich cen.<\/div>\n                <div class=\"bottom-dots clearfix\">\n                    <span class=\"dot line-dot\"><\/span>\n                    <span class=\"dot\"><\/span>\n                    <span class=\"dot\"><\/span>\n                    <span class=\"dot\"><\/span>\n                <\/div>\n            <\/div>\n            <div class=\"text-block text-content\">\n                <div style=\"text-align: justify\">\n<!-- wp:paragraph -->\n<p>LONGi to ogromna chi\u0144ska firma, kt\u00f3ra dostarcza produkty z krzemu dla bran\u017cy elektronicznej i fotowoltaicznej. Produkuj\u0105 te\u017c w\u0142asne modu\u0142y fotowoltaiczne pod mark\u0105 LONGi Solar. Prawdopodobnie s\u0105 najwi\u0119kszym producentem paneli monokrystalicznych na \u015bwiecie.<\/p>\n<!-- \/wp:paragraph -->\n\n<!-- wp:paragraph -->\n<p>LONGi powsta\u0142o w 2000 i na pocz\u0105tku zajmowa\u0142o si\u0119 produkcj\u0105 wafli krzemowych, produktu wyj\u015bciowego do ogniw monokrystalicznych. W roku 2007 przej\u0119li chi\u0144sk\u0105 mark\u0119 paneli s\u0142onecznych Lerro Solar i od tego czasu produkuj\u0105 r\u00f3wnie\u017c ca\u0142e modu\u0142y fotowoltaiczne, od roku 2017 pod w\u0142asn\u0105 mark\u0105 LONGi Solar.<\/p>\n<!-- \/wp:paragraph -->\n\n<!-- wp:paragraph -->\n<p>Posiadaj\u0105 ogromny kompleks fabryczny w Chinach oraz fabryk\u0119 w Indiach, a ich obecne moce przerobowe wynosz\u0105 ponad 12 GWp rocznie, co czyni ich prawdopodobnie <strong>najwi\u0119kszym producentem ogniw monokrystalicznych na \u015bwiecie<\/strong>.<\/p>\n<!-- \/wp:paragraph -->\n\n<!-- wp:paragraph -->\n<p>Produkuj\u0105 tylko panele monokrystaliczne, ale za to we wszystkich smakach - panele dwustronne, z ogniwami ci\u0119tymi na p\u00f3\u0142 oraz standardowe. Sprawd\u017amy, jak ich produkty wypadaj\u0105 w por\u00f3wnaniu z konkurencj\u0105.<\/p>\n<!-- \/wp:paragraph -->\n<\/div>            <\/div>\n            <div class=\"featured-list\">\n                <ul class=\"clearfix\">\n                                            <li>\n                            <div class=\"icon\"><i aria-hidden=\"true\" class=\"fas fa-solar-panel\"><\/i><\/div>\n                            <div class=\"title\">Bardzo dobre wyniki w PVEL<\/div>\n                        <\/li>\n                                            <li>\n                            <div class=\"icon\"><i aria-hidden=\"true\" class=\" flaticon-worker\"><\/i><\/div>\n                            <div class=\"title\">Specjalizacja - tylko panele monokrystaliczne<\/div>\n                        <\/li>\n                                            <li>\n                            <div class=\"icon\"><i aria-hidden=\"true\" class=\"fas fa-business-time\"><\/i><\/div>\n                            <div class=\"title\">Stabilna firma<\/div>\n                        <\/li>\n                                    <\/ul>\n            <\/div>\n            <div class=\"row clearfix\">\n                                    <div class=\"featured-link-block col-md-6 col-sm-12\">\n                        <div class=\"inner\">\n                            <div class=\"image\"><a href=\"#\" class=\"\"><img decoding=\"async\" src=\"\" alt=\"\"><\/a><\/div>\n                            <div class=\"caption-box\">\n                                <span class=\"title\"><a href=\"javascript:void(0)\"><\/a><\/span>\n                            <\/div>\n                        <\/div>\n                    <\/div>\n                            <\/div>\n                                \t\t<\/div>\n\t\t\t\t<\/div>\n\t\t\t\t<div class=\"elementor-element elementor-element-c72b9ad elementor-aspect-ratio-169 elementor-widget elementor-widget-video\" data-id=\"c72b9ad\" data-element_type=\"widget\" data-settings=\"{&quot;youtube_url&quot;:&quot;https:\\\/\\\/www.youtube.com\\\/watch?v=wXbBjNhM064&amp;feature=emb_imp_woyt&quot;,&quot;video_type&quot;:&quot;youtube&quot;,&quot;controls&quot;:&quot;yes&quot;,&quot;aspect_ratio&quot;:&quot;169&quot;}\" data-widget_type=\"video.default\">\n\t\t\t\t<div class=\"elementor-widget-container\">\n\t\t\t\t\t<div class=\"elementor-wrapper elementor-fit-aspect-ratio elementor-open-inline\">\n\t\t\t<div class=\"elementor-video\"><\/div>\t\t<\/div>\n\t\t\t\t<\/div>\n\t\t\t\t<\/div>\n\t\t\t\t\t<\/div>\n\t\t<\/div>\n\t\t\t\t<div class=\"elementor-column elementor-col-33 elementor-top-column elementor-element elementor-element-b2a18ee sidebar service-sidebar\" data-id=\"b2a18ee\" data-element_type=\"column\">\n\t\t\t<div class=\"elementor-widget-wrap elementor-element-populated\">\n\t\t\t\t\t\t\t\t<div class=\"elementor-element elementor-element-68357d9 elementor-widget elementor-widget-servicemenu_area__o\" data-id=\"68357d9\" data-element_type=\"widget\" data-widget_type=\"servicemenu_area__o.default\">\n\t\t\t\t<div class=\"elementor-widget-container\">\n\t\t\t            <div class=\"sidebar-widget services-widget\">\n                <div class=\"widget-inner\">\n                    <ul>\n                                                    <li class=\"\"><a href=\"https:\/\/www.fotowoltaikaexpert.pl\/?page_id=1351 \" ><span class=\"txt\">System SolarEdge<\/span> <span class=\"icon\"><i aria-hidden=\"true\" class=\" flaticon-solar-energy\"><\/i><\/span><\/a><\/li>\n                                                    <li class=\"\"><a href=\"https:\/\/www.fotowoltaikaexpert.pl\/?page_id=1715 \" ><span class=\"txt\">System Huawei<\/span> <span class=\"icon\"><i aria-hidden=\"true\" class=\" flaticon-solar-energy\"><\/i><\/span><\/a><\/li>\n                                                    <li class=\"\"><a href=\"https:\/\/www.fotowoltaikaexpert.pl\/?page_id=1655 \" ><span class=\"txt\">System Fronius<\/span> <span class=\"icon\"><i aria-hidden=\"true\" class=\" flaticon-solar-panel-1\"><\/i><\/span><\/a><\/li>\n                                                    <li class=\"\"><a href=\"https:\/\/www.fotowoltaikaexpert.pl\/?page_id=1706 \" ><span class=\"txt\">Panele Sharp<\/span> <span class=\"icon\"><i aria-hidden=\"true\" class=\" flaticon-solar-energy\"><\/i><\/span><\/a><\/li>\n                                                    <li class=\"active\"><a href=\"https:\/\/www.fotowoltaikaexpert.pl\/?page_id=1319 \" ><span class=\"txt\">Panele LongiSolar<\/span> <span class=\"icon\"><i aria-hidden=\"true\" class=\" flaticon-solar-panel-1\"><\/i><\/span><\/a><\/li>\n                                            <\/ul>\n                <\/div>\n            <\/div>\n        \t\t<\/div>\n\t\t\t\t<\/div>\n\t\t\t\t<div class=\"elementor-element elementor-element-dafb419 elementor-widget elementor-widget-actionbar_area__o\" data-id=\"dafb419\" data-element_type=\"widget\" data-widget_type=\"actionbar_area__o.default\">\n\t\t\t\t<div class=\"elementor-widget-container\">\n\t\t\t            <div class=\"sidebar-widget info-widget\">\n                <div class=\"widget-inner\">\n                    <div class=\"image\"><a href=\"#\" class=\"\"><img decoding=\"async\" src=\"https:\/\/www.fotowoltaikaexpert.pl\/wp-content\/uploads\/2020\/06\/featured-image-38.jpg\" alt=\"\"><\/a><\/div>\n                    <div class=\"lower\">\n                        \n                        <div class=\"subtitle\">Masz jakie\u015b pytania? <br>Zadzwo\u0144 !<\/div>\n                        <div class=\"icon-box\"><span class=\"flaticon-telephone-1\"><\/span><\/div>\n                        <div class=\"phone\"><a href=\"tel:+48 784 990 490\">+48 784 990 490 <\/a><\/div>\n                        <div class=\"email\"><a href=\"mailto:biuro@fotowoltaikaexpert.pl\">biuro@fotowoltaikaexpert.pl<\/a><\/div>                    <\/div>\n                <\/div>\n            <\/div>\n        \t\t<\/div>\n\t\t\t\t<\/div>\n\t\t\t\t<div class=\"elementor-element elementor-element-f594267 elementor-widget elementor-widget-image\" data-id=\"f594267\" data-element_type=\"widget\" data-widget_type=\"image.default\">\n\t\t\t\t<div class=\"elementor-widget-container\">\n\t\t\t\t\t<div class=\"elementor-image\">\n\t\t\t\t\t\t\t\t\t\t<img loading=\"lazy\" decoding=\"async\" width=\"640\" height=\"857\" src=\"https:\/\/www.fotowoltaikaexpert.pl\/wp-content\/uploads\/2021\/03\/longi-765x1024.png\" class=\"attachment-large size-large\" alt=\"\" srcset=\"https:\/\/www.fotowoltaikaexpert.pl\/wp-content\/uploads\/2021\/03\/longi-765x1024.png 765w, https:\/\/www.fotowoltaikaexpert.pl\/wp-content\/uploads\/2021\/03\/longi-224x300.png 224w, https:\/\/www.fotowoltaikaexpert.pl\/wp-content\/uploads\/2021\/03\/longi-768x1028.png 768w, https:\/\/www.fotowoltaikaexpert.pl\/wp-content\/uploads\/2021\/03\/longi.png 813w\" sizes=\"auto, (max-width: 640px) 100vw, 640px\" \/>\t\t\t\t\t\t\t\t\t\t\t<\/div>\n\t\t\t\t<\/div>\n\t\t\t\t<\/div>\n\t\t\t\t<div class=\"elementor-element elementor-element-866855f elementor-widget elementor-widget-html\" data-id=\"866855f\" data-element_type=\"widget\" data-widget_type=\"html.default\">\n\t\t\t\t<div class=\"elementor-widget-container\">\n\t\t\t<div class=\"sidebar-widget downloads-widget\">\n                            <div class=\"widget-inner\">\n                                <h3>Dodatkowe materia\u0142y<\/h3>\n                                <ul>\n                                    <li><a href=\"https:\/\/www.fotowoltaikaexpert.pl\/wp-content\/uploads\/2021\/03\/LONGi-Solar-Prezentacja-producenta.pdf\"><span class=\"far fa-file-pdf\"><\/span> LongiSolar Prezentacja <\/a><\/li>\n   \n             \n                    <li><a href=\"https:\/\/www.fotowoltaikaexpert.pl\/wp-content\/uploads\/2021\/03\/karta-panel-longi-lr4-60hph-360m-sr.pdf\"><span class=\"far fa-file-pdf\"><\/span> Karta katalogowa<\/a><\/li>\n                        <\/ul>\n                            <\/div>\n                        <\/div>\t\t<\/div>\n\t\t\t\t<\/div>\n\t\t\t\t\t<\/div>\n\t\t<\/div>\n\t\t\t\t\t\t\t<\/div>\n\t\t<\/section>\n\t\t\t\t\t\t<\/div>\n\t\t\t\t\t<\/div>\n\t\t","protected":false},"excerpt":{"rendered":"<p>LongiSolar Panele LONGi do po\u0142\u0105czenie przetestowanej w boju jako\u015bci [&hellip;]<\/p>\n","protected":false},"author":1,"featured_media":25,"parent":566,"menu_order":2,"comment_status":"closed","ping_status":"closed","template":"elementor_header_footer","meta":{"footnotes":""},"class_list":["post-1378","page","type-page","status-publish","has-post-thumbnail","hentry"],"_links":{"self":[{"href":"https:\/\/www.fotowoltaikaexpert.pl\/index.php?rest_route=\/wp\/v2\/pages\/1378","targetHints":{"allow":["GET"]}}],"collection":[{"href":"https:\/\/www.fotowoltaikaexpert.pl\/index.php?rest_route=\/wp\/v2\/pages"}],"about":[{"href":"https:\/\/www.fotowoltaikaexpert.pl\/index.php?rest_route=\/wp\/v2\/types\/page"}],"author":[{"embeddable":true,"href":"https:\/\/www.fotowoltaikaexpert.pl\/index.php?rest_route=\/wp\/v2\/users\/1"}],"replies":[{"embeddable":true,"href":"https:\/\/www.fotowoltaikaexpert.pl\/index.php?rest_route=%2Fwp%2Fv2%2Fcomments&post=1378"}],"version-history":[{"count":40,"href":"https:\/\/www.fotowoltaikaexpert.pl\/index.php?rest_route=\/wp\/v2\/pages\/1378\/revisions"}],"predecessor-version":[{"id":1742,"href":"https:\/\/www.fotowoltaikaexpert.pl\/index.php?rest_route=\/wp\/v2\/pages\/1378\/revisions\/1742"}],"up":[{"embeddable":true,"href":"https:\/\/www.fotowoltaikaexpert.pl\/index.php?rest_route=\/wp\/v2\/pages\/566"}],"wp:featuredmedia":[{"embeddable":true,"href":"https:\/\/www.fotowoltaikaexpert.pl\/index.php?rest_route=\/wp\/v2\/media\/25"}],"wp:attachment":[{"href":"https:\/\/www.fotowoltaikaexpert.pl\/index.php?rest_route=%2Fwp%2Fv2%2Fmedia&parent=1378"}],"curies":[{"name":"wp","href":"https:\/\/api.w.org\/{rel}","templated":true}]}}