{"id":1655,"date":"2021-06-23T18:06:21","date_gmt":"2021-06-23T16:06:21","guid":{"rendered":"https:\/\/www.fotowoltaikaexpert.pl\/?page_id=1655"},"modified":"2021-07-04T20:56:14","modified_gmt":"2021-07-04T18:56:14","slug":"panels-installation-copy-copy-2-2-2-3","status":"publish","type":"page","link":"https:\/\/www.fotowoltaikaexpert.pl\/?page_id=1655","title":{"rendered":"System Fronius"},"content":{"rendered":"\t\t<div data-elementor-type=\"wp-page\" data-elementor-id=\"1655\" class=\"elementor elementor-1655\" data-elementor-settings=\"[]\">\n\t\t\t\t\t\t\t<div class=\"elementor-section-wrap\">\n\t\t\t\t\t\t\t<section class=\"elementor-section elementor-top-section elementor-element elementor-element-a825db9 service-details-me elementor-section-boxed elementor-section-height-default elementor-section-height-default\" data-id=\"a825db9\" data-element_type=\"section\">\n\t\t\t\t\t\t<div class=\"elementor-container elementor-column-gap-default\">\n\t\t\t\t\t<div class=\"elementor-column elementor-col-66 elementor-top-column elementor-element elementor-element-6ecfac9 service-details \" data-id=\"6ecfac9\" data-element_type=\"column\">\n\t\t\t<div class=\"elementor-widget-wrap elementor-element-populated\">\n\t\t\t\t\t\t\t\t<div class=\"elementor-element elementor-element-64bcbfe elementor-widget elementor-widget-service_single_area__o\" data-id=\"64bcbfe\" data-element_type=\"widget\" data-widget_type=\"service_single_area__o.default\">\n\t\t\t\t<div class=\"elementor-widget-container\">\n\t\t\t            <div class=\"main-image\">\n                <img decoding=\"async\" src=\"https:\/\/www.fotowoltaikaexpert.pl\/wp-content\/uploads\/2020\/06\/featured-image-35.jpg\" alt=\"\">\n            <\/div>\n            <div class=\"sec-title service-title\">\n                <h2>Fronius<\/h2>\n                <div class=\"subtitle\">ZIELONA ENERGIA S\u0141ONECZNA Z&nbsp; DACHU TWOJEGO DOMU<\/div>\n                <div class=\"bottom-dots clearfix\">\n                    <span class=\"dot line-dot\"><\/span>\n                    <span class=\"dot\"><\/span>\n                    <span class=\"dot\"><\/span>\n                    <span class=\"dot\"><\/span>\n                <\/div>\n            <\/div>\n            <div class=\"text-block text-content\">\n                <span style=\"text-align:justify\"><!-- wp:paragraph -->\n<p>Fotowoltaika to najprostsze i najkorzystniejsze rozwi\u0105zanie wytwarzania&nbsp; zielonej energii na potrzeby w\u0142asne. W\u0142asna, ma\u0142a elektrownia s\u0142oneczna uniezale\u017cnia Ci\u0119 od rosn\u0105cych koszt\u00f3w energii elektrycznej i zmniejsza Tw\u00f3j \u015blad ekologiczny.<\/p>\n<!-- \/wp:paragraph -->\n\n<!-- wp:heading {\"level\":3} -->\n<h3>Zalety fotowoltaiki<\/h3>\n<!-- \/wp:heading -->\n\n<!-- wp:paragraph -->\n<p><strong>\u2600<\/strong><strong>Mniejsze koszty<br><\/strong>Energia s\u0142oneczna to najkorzystniejsza forma energii, jakiej mo\u017cna u\u017cywa\u0107.<\/p>\n<!-- \/wp:paragraph -->\n\n<!-- wp:paragraph -->\n<p><strong>\u2600<\/strong><strong>Wi\u0119ksza niezale\u017cno\u015b\u0107<br><\/strong>W\u0142asne \u017ar\u00f3d\u0142o energii uniezale\u017cnia Ci\u0119 od rynku .<\/p>\n<!-- \/wp:paragraph -->\n\n<!-- wp:paragraph -->\n<p><strong>\u2600<\/strong><strong>Mniejsza emisja CO<sub>2<\/sub><br><\/strong>Dzi\u0119ki w\u0142asnej elektrowni s\u0142onecznej zmniejszasz sw\u00f3j \u015blad ekologiczny.<\/p>\n<!-- \/wp:paragraph -->\n<\/span>            <\/div>\n            <div class=\"featured-list\">\n                <ul class=\"clearfix\">\n                                            <li>\n                            <div class=\"icon\"><i aria-hidden=\"true\" class=\" flaticon-solar-energy\"><\/i><\/div>\n                            <div class=\"title\">Pe\u0142na przejrzysto\u015b\u0107 mocy instalacji<\/div>\n                        <\/li>\n                                            <li>\n                            <div class=\"icon\"><i aria-hidden=\"true\" class=\" flaticon-solar-panel\"><\/i><\/div>\n                            <div class=\"title\">75 lat do\u015bwiadczenia<\/div>\n                        <\/li>\n                                            <li>\n                            <div class=\"icon\"><i aria-hidden=\"true\" class=\"fas fa-wifi\"><\/i><\/div>\n                            <div class=\"title\">Podgl\u0105daj produkcj\u0119 przez internet<\/div>\n                        <\/li>\n                                    <\/ul>\n            <\/div>\n            <div class=\"row clearfix\">\n                                    <div class=\"featured-link-block col-md-6 col-sm-12\">\n                        <div class=\"inner\">\n                            <div class=\"image\"><a href=\"#\" class=\"\"><img decoding=\"async\" src=\"\" alt=\"\"><\/a><\/div>\n                            <div class=\"caption-box\">\n                                <span class=\"title\"><a href=\"javascript:void(0)\">System FRONIUS<\/a><\/span>\n                            <\/div>\n                        <\/div>\n                    <\/div>\n                            <\/div>\n                                \t\t<\/div>\n\t\t\t\t<\/div>\n\t\t\t\t<section class=\"elementor-section elementor-inner-section elementor-element elementor-element-3fbf8e6 elementor-section-full_width elementor-section-height-default elementor-section-height-default\" data-id=\"3fbf8e6\" data-element_type=\"section\">\n\t\t\t\t\t\t<div class=\"elementor-container elementor-column-gap-default\">\n\t\t\t\t\t<div class=\"elementor-column elementor-col-33 elementor-inner-column elementor-element elementor-element-f357569\" data-id=\"f357569\" data-element_type=\"column\">\n\t\t\t<div class=\"elementor-widget-wrap elementor-element-populated\">\n\t\t\t\t\t\t\t\t<div class=\"elementor-element elementor-element-6bff5ab elementor-widget elementor-widget-image\" data-id=\"6bff5ab\" data-element_type=\"widget\" data-widget_type=\"image.default\">\n\t\t\t\t<div class=\"elementor-widget-container\">\n\t\t\t\t\t<div class=\"elementor-image\">\n\t\t\t\t\t\t\t\t\t\t<img loading=\"lazy\" decoding=\"async\" width=\"640\" height=\"360\" src=\"https:\/\/www.fotowoltaikaexpert.pl\/wp-content\/uploads\/2021\/06\/photovoltaics-couple-cooking-169.jpg\" class=\"attachment-large size-large\" alt=\"\" srcset=\"https:\/\/www.fotowoltaikaexpert.pl\/wp-content\/uploads\/2021\/06\/photovoltaics-couple-cooking-169.jpg 960w, https:\/\/www.fotowoltaikaexpert.pl\/wp-content\/uploads\/2021\/06\/photovoltaics-couple-cooking-169-300x169.jpg 300w, https:\/\/www.fotowoltaikaexpert.pl\/wp-content\/uploads\/2021\/06\/photovoltaics-couple-cooking-169-768x432.jpg 768w\" sizes=\"auto, (max-width: 640px) 100vw, 640px\" \/>\t\t\t\t\t\t\t\t\t\t\t<\/div>\n\t\t\t\t<\/div>\n\t\t\t\t<\/div>\n\t\t\t\t\t<\/div>\n\t\t<\/div>\n\t\t\t\t<div class=\"elementor-column elementor-col-66 elementor-inner-column elementor-element elementor-element-e4d1384\" data-id=\"e4d1384\" data-element_type=\"column\">\n\t\t\t<div class=\"elementor-widget-wrap elementor-element-populated\">\n\t\t\t\t\t\t\t\t<div class=\"elementor-element elementor-element-c6fbf21 elementor-widget elementor-widget-text-editor\" data-id=\"c6fbf21\" data-element_type=\"widget\" data-widget_type=\"text-editor.default\">\n\t\t\t\t<div class=\"elementor-widget-container\">\n\t\t\t\t\t<div class=\"elementor-text-editor elementor-clearfix\"><span style=\"text-align:justify;\"><div class=\"text-wrap\" data-gtm-vis-has-fired-2269922_821=\"1\">\n<p>S\u0142o\u0144ce nie wysy\u0142a rachunk\u00f3w \u2014 dlatego od pierwszego dnia mo\u017cna <strong>generowa\u0107 oszcz\u0119dno\u015bci<\/strong> <strong>na kosztach energii elektrycznej<\/strong>\u00a0 dzi\u0119ki wytwarzaniu w\u0142asnej energii ze\u00a0 s\u0142o\u0144ca.\u00a0<\/p>\n<p>Inwestycja w\u00a0instalacj\u0119 PV <strong>pozwala na uniezale\u017cnienie si\u0119 od rosn\u0105cych koszt\u00f3w energii elektrycznej<\/strong>. Dlatego <strong>koszty zakupu<\/strong> instalacji PV zwracaj\u0105 si\u0119 <strong>w czasie kr\u00f3tszym ni\u017c 10 lat<\/strong> \u2014 a cz\u0119sto znacznie wcze\u015bniej.<\/p>\n<\/div><\/span><\/div>\n\t\t\t\t<\/div>\n\t\t\t\t<\/div>\n\t\t\t\t\t<\/div>\n\t\t<\/div>\n\t\t\t\t\t\t\t<\/div>\n\t\t<\/section>\n\t\t\t\t<div class=\"elementor-element elementor-element-920bfbc elementor-widget elementor-widget-spacer\" data-id=\"920bfbc\" data-element_type=\"widget\" data-widget_type=\"spacer.default\">\n\t\t\t\t<div class=\"elementor-widget-container\">\n\t\t\t\t\t<div class=\"elementor-spacer\">\n\t\t\t<div class=\"elementor-spacer-inner\"><\/div>\n\t\t<\/div>\n\t\t\t\t<\/div>\n\t\t\t\t<\/div>\n\t\t\t\t<section class=\"elementor-section elementor-inner-section elementor-element elementor-element-d97aa89 elementor-section-full_width elementor-section-height-default elementor-section-height-default\" data-id=\"d97aa89\" data-element_type=\"section\">\n\t\t\t\t\t\t<div class=\"elementor-container elementor-column-gap-default\">\n\t\t\t\t\t<div class=\"elementor-column elementor-col-50 elementor-inner-column elementor-element elementor-element-91a0cdc\" data-id=\"91a0cdc\" data-element_type=\"column\">\n\t\t\t<div class=\"elementor-widget-wrap elementor-element-populated\">\n\t\t\t\t\t\t\t\t<div class=\"elementor-element elementor-element-3e036d3 elementor-widget elementor-widget-text-editor\" data-id=\"3e036d3\" data-element_type=\"widget\" data-widget_type=\"text-editor.default\">\n\t\t\t\t<div class=\"elementor-widget-container\">\n\t\t\t\t\t<div class=\"elementor-text-editor elementor-clearfix\"><span style=\"text-align:justify;\"><div class=\"text-wrap\" data-gtm-vis-has-fired-2269922_821=\"1\">\n<p>S\u0142o\u0144ce nie wysy\u0142a rachunk\u00f3w \u2014 dlatego od pierwszego dnia mo\u017cna <strong>generowa\u0107 oszcz\u0119dno\u015bci<\/strong> <strong>na kosztach energii elektrycznej<\/strong>\u00a0 dzi\u0119ki wytwarzaniu w\u0142asnej energii ze\u00a0 s\u0142o\u0144ca.\u00a0<\/p>\n<p>Inwestycja w\u00a0instalacj\u0119 PV <strong>pozwala na uniezale\u017cnienie si\u0119 od rosn\u0105cych koszt\u00f3w energii elektrycznej<\/strong>. Dlatego <strong>koszty zakupu<\/strong> instalacji PV zwracaj\u0105 si\u0119 <strong>w czasie kr\u00f3tszym ni\u017c 10 lat<\/strong> \u2014 a cz\u0119sto znacznie wcze\u015bniej.<\/p>\n<\/div><\/span><\/div>\n\t\t\t\t<\/div>\n\t\t\t\t<\/div>\n\t\t\t\t\t<\/div>\n\t\t<\/div>\n\t\t\t\t<div class=\"elementor-column elementor-col-50 elementor-inner-column elementor-element elementor-element-2183024\" data-id=\"2183024\" data-element_type=\"column\">\n\t\t\t<div class=\"elementor-widget-wrap elementor-element-populated\">\n\t\t\t\t\t\t\t\t<div class=\"elementor-element elementor-element-9312008 elementor-widget elementor-widget-image\" data-id=\"9312008\" data-element_type=\"widget\" data-widget_type=\"image.default\">\n\t\t\t\t<div class=\"elementor-widget-container\">\n\t\t\t\t\t<div class=\"elementor-image\">\n\t\t\t\t\t\t\t\t\t\t<img loading=\"lazy\" decoding=\"async\" width=\"640\" height=\"360\" src=\"https:\/\/www.fotowoltaikaexpert.pl\/wp-content\/uploads\/2021\/07\/commercial-rooftop-iloilo-modules-169.jpg\" class=\"attachment-large size-large\" alt=\"\" srcset=\"https:\/\/www.fotowoltaikaexpert.pl\/wp-content\/uploads\/2021\/07\/commercial-rooftop-iloilo-modules-169.jpg 960w, https:\/\/www.fotowoltaikaexpert.pl\/wp-content\/uploads\/2021\/07\/commercial-rooftop-iloilo-modules-169-300x169.jpg 300w, https:\/\/www.fotowoltaikaexpert.pl\/wp-content\/uploads\/2021\/07\/commercial-rooftop-iloilo-modules-169-768x432.jpg 768w\" sizes=\"auto, (max-width: 640px) 100vw, 640px\" \/>\t\t\t\t\t\t\t\t\t\t\t<\/div>\n\t\t\t\t<\/div>\n\t\t\t\t<\/div>\n\t\t\t\t\t<\/div>\n\t\t<\/div>\n\t\t\t\t\t\t\t<\/div>\n\t\t<\/section>\n\t\t\t\t<div class=\"elementor-element elementor-element-28be382 elementor-widget elementor-widget-spacer\" data-id=\"28be382\" data-element_type=\"widget\" data-widget_type=\"spacer.default\">\n\t\t\t\t<div class=\"elementor-widget-container\">\n\t\t\t\t\t<div class=\"elementor-spacer\">\n\t\t\t<div class=\"elementor-spacer-inner\"><\/div>\n\t\t<\/div>\n\t\t\t\t<\/div>\n\t\t\t\t<\/div>\n\t\t\t\t<div class=\"elementor-element elementor-element-79aaba7 elementor-widget elementor-widget-heading\" data-id=\"79aaba7\" data-element_type=\"widget\" data-widget_type=\"heading.default\">\n\t\t\t\t<div class=\"elementor-widget-container\">\n\t\t\t<h2 class=\"elementor-heading-title elementor-size-default\">Instalacja PV zawsze pod kontrol\u0105<\/h2>\t\t<\/div>\n\t\t\t\t<\/div>\n\t\t\t\t<div class=\"elementor-element elementor-element-eb4a02d elementor-widget elementor-widget-image\" data-id=\"eb4a02d\" data-element_type=\"widget\" data-widget_type=\"image.default\">\n\t\t\t\t<div class=\"elementor-widget-container\">\n\t\t\t\t\t<div class=\"elementor-image\">\n\t\t\t\t\t\t\t\t\t\t<img loading=\"lazy\" decoding=\"async\" width=\"640\" height=\"360\" src=\"https:\/\/www.fotowoltaikaexpert.pl\/wp-content\/uploads\/2021\/07\/solar-web-bubble-chart-169-1024x576.gif\" class=\"attachment-large size-large\" alt=\"\" srcset=\"https:\/\/www.fotowoltaikaexpert.pl\/wp-content\/uploads\/2021\/07\/solar-web-bubble-chart-169-1024x576.gif 1024w, https:\/\/www.fotowoltaikaexpert.pl\/wp-content\/uploads\/2021\/07\/solar-web-bubble-chart-169-300x169.gif 300w, https:\/\/www.fotowoltaikaexpert.pl\/wp-content\/uploads\/2021\/07\/solar-web-bubble-chart-169-768x432.gif 768w, https:\/\/www.fotowoltaikaexpert.pl\/wp-content\/uploads\/2021\/07\/solar-web-bubble-chart-169-1536x864.gif 1536w\" sizes=\"auto, (max-width: 640px) 100vw, 640px\" \/>\t\t\t\t\t\t\t\t\t\t\t<\/div>\n\t\t\t\t<\/div>\n\t\t\t\t<\/div>\n\t\t\t\t<div class=\"elementor-element elementor-element-fa0cd3e elementor-widget elementor-widget-text-editor\" data-id=\"fa0cd3e\" data-element_type=\"widget\" data-widget_type=\"text-editor.default\">\n\t\t\t\t<div class=\"elementor-widget-container\">\n\t\t\t\t\t<div class=\"elementor-text-editor elementor-clearfix\"><p>\u00a0<\/p>\n<p><strong>Dzi\u0119ki bezp\u0142atnemu narz\u0119dziu do monitorowania Fronius Solar.web <\/strong>mo\u017cesz <strong>stale kontrolowa\u0107 uzyski i zu\u017cycie energii<\/strong>, aby w pe\u0142ni wykorzysta\u0107 mo\u017cliwo\u015bci swojego systemu fotowoltaicznego.<\/p>\n<p>Korzy\u015bci p\u0142yn\u0105ca z korzystania z Fronius Solar.web:<\/p>\n<ul>\n<li>Gwarancja funkcjonalno\u015bci<\/li>\n<li>Kr\u00f3tszy okres zwrotu z inwestycji<\/li>\n<li>Wykrywanie \u201epo\u017ceraczy\u201d pr\u0105du<\/li>\n<li>Analiza i optymalizacja zu\u017cycia energii<\/li>\n<li>Utrzymywanie aktualno\u015bci systemu<\/li>\n<li>Wi\u0119ksza oszcz\u0119dno\u015b\u0107 pieni\u0119dzy dzi\u0119ki indywidualnym rozszerzeniom<\/li>\n<li>Bezp\u0142atne przed\u0142u\u017cenie gwarancji<\/li>\n<\/ul><\/div>\n\t\t\t\t<\/div>\n\t\t\t\t<\/div>\n\t\t\t\t\t<\/div>\n\t\t<\/div>\n\t\t\t\t<div class=\"elementor-column elementor-col-33 elementor-top-column elementor-element elementor-element-b2a18ee sidebar service-sidebar\" data-id=\"b2a18ee\" data-element_type=\"column\">\n\t\t\t<div class=\"elementor-widget-wrap elementor-element-populated\">\n\t\t\t\t\t\t\t\t<div class=\"elementor-element elementor-element-68357d9 elementor-widget elementor-widget-servicemenu_area__o\" data-id=\"68357d9\" data-element_type=\"widget\" data-widget_type=\"servicemenu_area__o.default\">\n\t\t\t\t<div class=\"elementor-widget-container\">\n\t\t\t            <div class=\"sidebar-widget services-widget\">\n                <div class=\"widget-inner\">\n                    <ul>\n                                                    <li class=\"\"><a href=\"https:\/\/www.fotowoltaikaexpert.pl\/?page_id=1351 \" ><span class=\"txt\">System SolarEdge<\/span> <span class=\"icon\"><i aria-hidden=\"true\" class=\" flaticon-solar-energy\"><\/i><\/span><\/a><\/li>\n                                                    <li class=\"\"><a href=\"https:\/\/www.fotowoltaikaexpert.pl\/?page_id=1655 \" ><span class=\"txt\">System Huawei<\/span> <span class=\"icon\"><i aria-hidden=\"true\" class=\" flaticon-solar-panel\"><\/i><\/span><\/a><\/li>\n                                                    <li class=\"active\"><a href=\"https:\/\/www.fotowoltaikaexpert.pl\/?page_id=1655 \" ><span class=\"txt\">System Fronius<\/span> <span class=\"icon\"><i aria-hidden=\"true\" class=\" flaticon-solar-panel\"><\/i><\/span><\/a><\/li>\n                                                    <li class=\"\"><a href=\"https:\/\/www.fotowoltaikaexpert.pl\/?page_id=1706 \" ><span class=\"txt\">Panele Sharp<\/span> <span class=\"icon\"><i aria-hidden=\"true\" class=\" flaticon-solar-panel\"><\/i><\/span><\/a><\/li>\n                                                    <li class=\"\"><a href=\"https:\/\/www.fotowoltaikaexpert.pl\/?page_id=1378 \" ><span class=\"txt\">Panele LongiSolar<\/span> <span class=\"icon\"><i aria-hidden=\"true\" class=\" flaticon-solar-panel\"><\/i><\/span><\/a><\/li>\n                                            <\/ul>\n                <\/div>\n            <\/div>\n        \t\t<\/div>\n\t\t\t\t<\/div>\n\t\t\t\t<div class=\"elementor-element elementor-element-dafb419 elementor-widget elementor-widget-actionbar_area__o\" data-id=\"dafb419\" data-element_type=\"widget\" data-widget_type=\"actionbar_area__o.default\">\n\t\t\t\t<div class=\"elementor-widget-container\">\n\t\t\t            <div class=\"sidebar-widget info-widget\">\n                <div class=\"widget-inner\">\n                    <div class=\"image\"><a href=\"#\" class=\"\"><img decoding=\"async\" src=\"https:\/\/www.fotowoltaikaexpert.pl\/wp-content\/uploads\/2020\/06\/featured-image-38.jpg\" alt=\"\"><\/a><\/div>\n                    <div class=\"lower\">\n                        \n                        <div class=\"subtitle\">Masz jakie\u015b pytania? <br>Zadzwo\u0144 !<\/div>\n                        <div class=\"icon-box\"><span class=\"flaticon-telephone-1\"><\/span><\/div>\n                        <div class=\"phone\"><a href=\"tel:+48 784 990 490\">+48 784 990 490 <\/a><\/div>\n                        <div class=\"email\"><a href=\"mailto:biuro@fotowoltaikaexpert.pl\">biuro@fotowoltaikaexpert.pl<\/a><\/div>                    <\/div>\n                <\/div>\n            <\/div>\n        \t\t<\/div>\n\t\t\t\t<\/div>\n\t\t\t\t<div class=\"elementor-element elementor-element-866855f elementor-widget elementor-widget-html\" data-id=\"866855f\" data-element_type=\"widget\" data-widget_type=\"html.default\">\n\t\t\t\t<div class=\"elementor-widget-container\">\n\t\t\t<div class=\"sidebar-widget downloads-widget\">\n                            <div class=\"widget-inner\">\n                                <h3>Dodatkowe materia\u0142y<\/h3>\n                                <ul>\n                            \n                                   \n                                <\/ul>\n                            <\/div>\n                        <\/div>\t\t<\/div>\n\t\t\t\t<\/div>\n\t\t\t\t\t<\/div>\n\t\t<\/div>\n\t\t\t\t\t\t\t<\/div>\n\t\t<\/section>\n\t\t\t\t<section class=\"elementor-section elementor-top-section elementor-element elementor-element-8915430 elementor-section-boxed elementor-section-height-default elementor-section-height-default\" data-id=\"8915430\" data-element_type=\"section\">\n\t\t\t\t\t\t<div class=\"elementor-container elementor-column-gap-default\">\n\t\t\t\t\t<div class=\"elementor-column elementor-col-100 elementor-top-column elementor-element elementor-element-64c35a3\" data-id=\"64c35a3\" data-element_type=\"column\">\n\t\t\t<div class=\"elementor-widget-wrap\">\n\t\t\t\t\t\t\t\t\t<\/div>\n\t\t<\/div>\n\t\t\t\t\t\t\t<\/div>\n\t\t<\/section>\n\t\t\t\t\t\t<\/div>\n\t\t\t\t\t<\/div>\n\t\t","protected":false},"excerpt":{"rendered":"<p>Fronius ZIELONA ENERGIA S\u0141ONECZNA Z&nbsp; DACHU TWOJEGO DOMU Fotowoltaika [&hellip;]<\/p>\n","protected":false},"author":1,"featured_media":25,"parent":566,"menu_order":2,"comment_status":"closed","ping_status":"closed","template":"elementor_header_footer","meta":{"footnotes":""},"class_list":["post-1655","page","type-page","status-publish","has-post-thumbnail","hentry"],"_links":{"self":[{"href":"https:\/\/www.fotowoltaikaexpert.pl\/index.php?rest_route=\/wp\/v2\/pages\/1655","targetHints":{"allow":["GET"]}}],"collection":[{"href":"https:\/\/www.fotowoltaikaexpert.pl\/index.php?rest_route=\/wp\/v2\/pages"}],"about":[{"href":"https:\/\/www.fotowoltaikaexpert.pl\/index.php?rest_route=\/wp\/v2\/types\/page"}],"author":[{"embeddable":true,"href":"https:\/\/www.fotowoltaikaexpert.pl\/index.php?rest_route=\/wp\/v2\/users\/1"}],"replies":[{"embeddable":true,"href":"https:\/\/www.fotowoltaikaexpert.pl\/index.php?rest_route=%2Fwp%2Fv2%2Fcomments&post=1655"}],"version-history":[{"count":28,"href":"https:\/\/www.fotowoltaikaexpert.pl\/index.php?rest_route=\/wp\/v2\/pages\/1655\/revisions"}],"predecessor-version":[{"id":1736,"href":"https:\/\/www.fotowoltaikaexpert.pl\/index.php?rest_route=\/wp\/v2\/pages\/1655\/revisions\/1736"}],"up":[{"embeddable":true,"href":"https:\/\/www.fotowoltaikaexpert.pl\/index.php?rest_route=\/wp\/v2\/pages\/566"}],"wp:featuredmedia":[{"embeddable":true,"href":"https:\/\/www.fotowoltaikaexpert.pl\/index.php?rest_route=\/wp\/v2\/media\/25"}],"wp:attachment":[{"href":"https:\/\/www.fotowoltaikaexpert.pl\/index.php?rest_route=%2Fwp%2Fv2%2Fmedia&parent=1655"}],"curies":[{"name":"wp","href":"https:\/\/api.w.org\/{rel}","templated":true}]}}