{"id":1706,"date":"2021-07-04T20:24:55","date_gmt":"2021-07-04T18:24:55","guid":{"rendered":"https:\/\/www.fotowoltaikaexpert.pl\/?page_id=1706"},"modified":"2022-01-14T12:17:20","modified_gmt":"2022-01-14T11:17:20","slug":"panels-installation-copy-copy-2-2-2-4","status":"publish","type":"page","link":"https:\/\/www.fotowoltaikaexpert.pl\/?page_id=1706","title":{"rendered":"Panele Sharp"},"content":{"rendered":"\t\t<div data-elementor-type=\"wp-page\" data-elementor-id=\"1706\" class=\"elementor elementor-1706\" data-elementor-settings=\"[]\">\n\t\t\t\t\t\t\t<div class=\"elementor-section-wrap\">\n\t\t\t\t\t\t\t<section class=\"elementor-section elementor-top-section elementor-element elementor-element-a825db9 service-details-me elementor-section-boxed elementor-section-height-default elementor-section-height-default\" data-id=\"a825db9\" data-element_type=\"section\">\n\t\t\t\t\t\t<div class=\"elementor-container elementor-column-gap-default\">\n\t\t\t\t\t<div class=\"elementor-column elementor-col-66 elementor-top-column elementor-element elementor-element-6ecfac9 service-details \" data-id=\"6ecfac9\" data-element_type=\"column\">\n\t\t\t<div class=\"elementor-widget-wrap elementor-element-populated\">\n\t\t\t\t\t\t\t\t<div class=\"elementor-element elementor-element-dd9542f elementor-widget elementor-widget-image\" data-id=\"dd9542f\" data-element_type=\"widget\" data-widget_type=\"image.default\">\n\t\t\t\t<div class=\"elementor-widget-container\">\n\t\t\t\t\t<div class=\"elementor-image\">\n\t\t\t\t\t\t\t\t\t\t<img loading=\"lazy\" decoding=\"async\" width=\"640\" height=\"356\" src=\"https:\/\/www.fotowoltaikaexpert.pl\/wp-content\/uploads\/2021\/07\/2021-07-04-20_18_59-Window-1024x570.png\" class=\"attachment-large size-large\" alt=\"\" srcset=\"https:\/\/www.fotowoltaikaexpert.pl\/wp-content\/uploads\/2021\/07\/2021-07-04-20_18_59-Window-1024x570.png 1024w, https:\/\/www.fotowoltaikaexpert.pl\/wp-content\/uploads\/2021\/07\/2021-07-04-20_18_59-Window-300x167.png 300w, https:\/\/www.fotowoltaikaexpert.pl\/wp-content\/uploads\/2021\/07\/2021-07-04-20_18_59-Window-768x428.png 768w, https:\/\/www.fotowoltaikaexpert.pl\/wp-content\/uploads\/2021\/07\/2021-07-04-20_18_59-Window.png 1390w\" sizes=\"auto, (max-width: 640px) 100vw, 640px\" \/>\t\t\t\t\t\t\t\t\t\t\t<\/div>\n\t\t\t\t<\/div>\n\t\t\t\t<\/div>\n\t\t\t\t<div class=\"elementor-element elementor-element-2bae0c2 elementor-widget elementor-widget-text-editor\" data-id=\"2bae0c2\" data-element_type=\"widget\" data-widget_type=\"text-editor.default\">\n\t\t\t\t<div class=\"elementor-widget-container\">\n\t\t\t\t\t<div class=\"elementor-text-editor elementor-clearfix\"><span style=\"text-align:\"justify;\"><h2 class=\"\">Dlaczego Sharp?<\/h2>\n<h3 class=\"\">Wyb\u00f3r modu\u0142u fotowoltaicznego &#8211; wa\u017cne czynniki<\/h3>\n<div class=\"col-33\">\n<section id=\"content-1574\" class=\"col-row \">\n<p><strong>Firmy obecne na rynku energii s\u0142onecznej zapewniaj\u0105 potencjalnym klientom wiele informacji i etykiet umieszczonych na produktach.\u00a0Ale jakie informacje s\u0105 najwa\u017cniejsze i co sprawia, \u017ce modu\u0142 fotowoltaiczny jest dobry?<\/strong><\/p>\n<\/section>\n<section id=\"content-1610\" class=\"col-row \">\n<h3 class=\"\">Solidna firma o niezawodnej jako\u015bci<\/h3>\n<div class=\"js-lazy-wrap\"><img decoding=\"async\" src=\"https:\/\/www.sharp.pl\/sharp\/media\/pl\/images\/50-years-icon.png\" data-img-height=\"122\" \/><\/div>\n<p>System fotowoltaiczny to inwestycja d\u0142ugoterminowa.\u00a0Aby\u015b przez d\u0142ugi czas by\u0142 zadowolony ze swojej decyzji, powiniene\u015b m\u00f3c polega\u0107 na jako\u015bci produktu.\u00a0Stuletnia historia oraz ponad 55-letnie do\u015bwiadczenie firmy Sharp na rynku energii s\u0142onecznej daje Ci pewno\u015b\u0107 co do Twojej inwestycji.\u00a0Dzi\u0119ki Sharp Energy Solutions Europe powsta\u0142o centrum doskona\u0142o\u015bci i innowacji w zakresie energii s\u0142onecznej na rynku europejskim.<\/p>\n<\/section>\n<section id=\"content-1614\" class=\"col-row \">\n<h3 class=\"\">Stabilno\u015b\u0107 finansowa<\/h3>\n<div class=\"js-lazy-wrap\"><img decoding=\"async\" src=\"https:\/\/www.sharp.pl\/sharp\/media\/pl\/images\/financial-stability-icon.png\" data-img-height=\"103\" \/><\/div>\n<p>Agencja Bloomberg New Energy Finance (BNEF) opracowa\u0142a system ratingowy dla klasyfikacji producent\u00f3w modu\u0142\u00f3w fotowoltaicznych.\u00a0Firmy, kt\u00f3rych sytuacja finansowa otrzymuje pozytywn\u0105 ocen\u0119, s\u0105 klasyfikowane jako producenci pierwszej klasy.\u00a0Sharp Electronics zosta\u0142 umieszczony na li\u015bcie firm zajmuj\u0105cych si\u0119 energi\u0105 s\u0142oneczn\u0105 Tier 1 w maju 2015 roku, co przemawia za stabilno\u015bci\u0105 finansow\u0105 firmy.\u00a0To z kolei stanowi wa\u017cny wska\u017anik przestrzegania zasad gwarancji.<\/p>\n<\/section>\n<section id=\"content-1615\" class=\"col-row \">\n<h3 class=\"\">Nagroda dla najlepszego producenta pmodu\u0142\u00f3w fotowoltaicznych<\/h3>\n<div class=\"js-lazy-wrap\"><img decoding=\"async\" src=\"https:\/\/www.sharp.pl\/sharp\/media\/pl\/images\/top-brand-pv2.png\" data-img-height=\"112\" \/><\/div>\n<p>EUPD Research nagradza producent\u00f3w modu\u0142\u00f3w fotowoltaicznych w kategoriach \u015bwiadomo\u015bci marki, wyboru klienta oraz dystrybucji.\u00a0Wed\u0142ug najnowszej ankiety Sharp Electronics jest jednym z najlepszych producent\u00f3w technologii fotowoltaicznej w Wielkiej Brytanii oraz Niemczech.<\/p>\n<\/section>\n<section id=\"content-1575\" class=\"col-row \">\n<h3 class=\"\">Obecno\u015b\u0107 na rynku lokalnym<\/h3>\n<div class=\"js-lazy-wrap\"><img decoding=\"async\" src=\"https:\/\/www.sharp.pl\/sharp\/media\/pl\/images\/local-presence.png\" data-img-height=\"101\" \/><\/div>\n<p>Od 1968 roku posiada lokaln\u0105 fili\u0119 w Europie.\u00a0Mo\u017cesz zg\u0142osi\u0107 si\u0119 po kompleksow\u0105 porad\u0119 do lokalnego serwisu technicznego lub szerokiej sieci instalator\u00f3w.<\/p>\n<\/section>\n<\/div><\/span><\/div>\n\t\t\t\t<\/div>\n\t\t\t\t<\/div>\n\t\t\t\t<div class=\"elementor-element elementor-element-bd1415b elementor-widget elementor-widget-text-editor\" data-id=\"bd1415b\" data-element_type=\"widget\" data-widget_type=\"text-editor.default\">\n\t\t\t\t<div class=\"elementor-widget-container\">\n\t\t\t\t\t<div class=\"elementor-text-editor elementor-clearfix\">&nbsp;\n\n<section>\n<div>\n<h2>Modu\u0142y fotowoltaiczne Sharp<\/h2>\n<\/div>\n<\/section><section>\n<div>\n\nNiezale\u017cnie od tego, czy szukasz systemu dla domu, biura, ogrodu czy nawet rozleg\u0142ej instalacji niezale\u017cnej \u2013 firma Sharp oferuje rozwi\u0105zania dopasowane do Twoich potrzeb. Nasza oferta modu\u0142\u00f3w fotowoltaicznych skoncentrowana jest wok\u00f3\u0142 wydajnej technologii monokrystalicznej PERC (ang. Passivated Emitter and Rear Cell) i obejmuje od 120 do 144 modu\u0142\u00f3w z ogniwami typu half-cell. Wszystkie nasze modu\u0142y zosta\u0142y poddane r\u00f3\u017cnorakim testom, aby ekspozycja na trudne warunki atmosferyczne nie wp\u0142yn\u0119\u0142a na wydajno\u015b\u0107 dzia\u0142ania. Nasze szeroko zakrojone, szczeg\u00f3\u0142owe testy opieraj\u0105 si\u0119 na ponad 60-letnim do\u015bwiadczeniu w bran\u017cy i s\u0105 do pi\u0119ciu razy bardziej rygorystyczne ni\u017c normy IEC.\n<\/div>\n<\/section><\/div>\n\t\t\t\t<\/div>\n\t\t\t\t<\/div>\n\t\t\t\t<div class=\"elementor-element elementor-element-0b0aa62 elementor-aspect-ratio-169 elementor-widget elementor-widget-video\" data-id=\"0b0aa62\" data-element_type=\"widget\" data-settings=\"{&quot;youtube_url&quot;:&quot;https:\\\/\\\/www.youtube.com\\\/watch?v=Hnz_vvaNGkY&amp;t=65s&quot;,&quot;video_type&quot;:&quot;youtube&quot;,&quot;controls&quot;:&quot;yes&quot;,&quot;aspect_ratio&quot;:&quot;169&quot;}\" data-widget_type=\"video.default\">\n\t\t\t\t<div class=\"elementor-widget-container\">\n\t\t\t\t\t<div class=\"elementor-wrapper elementor-fit-aspect-ratio elementor-open-inline\">\n\t\t\t<div class=\"elementor-video\"><\/div>\t\t<\/div>\n\t\t\t\t<\/div>\n\t\t\t\t<\/div>\n\t\t\t\t<div class=\"elementor-element elementor-element-895a5bb elementor-widget elementor-widget-text-editor\" data-id=\"895a5bb\" data-element_type=\"widget\" data-widget_type=\"text-editor.default\">\n\t\t\t\t<div class=\"elementor-widget-container\">\n\t\t\t\t\t<div class=\"elementor-text-editor elementor-clearfix\"><p>\u00a0<\/p><section><div><h2>Gwarancja SHARP<\/h2><\/div><\/section><section><div><p>Niezawodna gwarancja: 25-letnia gwarancja liniowej mocy wyj\u015bciowej i 15-letnia gwarancja na produkt (Dotyczy modu\u0142\u00f3w zainstalowanych w UE oraz w innych wymienionych krajach. Przed zakupem nale\u017cy zapozna\u0107 si\u0119 z warunkami gwarancji dla danego regionu.) <br \/>Gwarantowana dodatnia tolerancja mocy (osi\u0105gana jest co najmniej okre\u015blona warto\u015b\u0107, a nawet do 5% wy\u017csza)<\/p><p>\u00a0<\/p><\/div><\/section><\/div>\n\t\t\t\t<\/div>\n\t\t\t\t<\/div>\n\t\t\t\t<div class=\"elementor-element elementor-element-f160a4e elementor-widget elementor-widget-text-editor\" data-id=\"f160a4e\" data-element_type=\"widget\" data-widget_type=\"text-editor.default\">\n\t\t\t\t<div class=\"elementor-widget-container\">\n\t\t\t\t\t<div class=\"elementor-text-editor elementor-clearfix\"><h2>MODU\u0141Y FOLTOWOLTAICZNE HALF CUT O NAJWY\u017bSZYCH UZYSKACH<\/h2>\nG\u0142\u00f3wne zalety modu\u0142\u00f3w half cut dla u\u017cytkownik\u00f3w to o 2-3% wy\u017csza wydajno\u015b\u0107 modu\u0142u i wy\u017cszy uzysk ca\u0142kowity. W module half cut standardowe pe\u0142ne ogniwa s\u0105 podzielone.\n\nModu\u0142 jest r\u00f3wnie\u017c podzielony na g\u00f3rn\u0105 i doln\u0105 po\u0142ow\u0119, na kt\u00f3rych znajduj\u0105 si\u0119 podzielone ogniwa. Dzi\u0119ki podzieleniu ogniw moc energii elektrycznej wytwarzanej przez ogniwo jest mniejsza o po\u0142ow\u0119 jest zmniejszona o po\u0142ow\u0119, a straty rezystancji na poziomie ogniwa i modu\u0142u zmniejszone do jednej czwartej. Ponadto zmniejszenie nat\u0119\u017cenia pr\u0105du o po\u0142ow\u0119 mo\u017ce znacznie obni\u017cy\u0107 temperatur\u0119 w ogniwach, a tym samym zmniejszy\u0107 ryzyko wyst\u0105pienia efektu hot spot. Trzy ma\u0142e puszki przy\u0142\u0105czeniowe, wyposa\u017cone tylko w jedn\u0105 diod\u0119 by-pass, r\u00f3wnie\u017c przenosz\u0105 mniej ciep\u0142a do s\u0105siednich ogniw. Czynniki te zwi\u0119kszaj\u0105 trwa\u0142o\u015b\u0107 ca\u0142ego systemu, a podzielenie modu\u0142u na po\u0142owy r\u00f3wnie\u017c wp\u0142ywa na og\u00f3ln\u0105 wydajno\u015b\u0107. Droga przep\u0142ywu wytwarzanego pr\u0105du zosta\u0142a skr\u00f3cona dzi\u0119ki podzieleniu modu\u0142u, co dodatkowo zmniejsza straty rezystancyjne. Monta\u017c modu\u0142u w orientacji pionowej jest przydatny w sytuacjach zaciemnienia. Na przyk\u0142ad: je\u015bli dolna cz\u0119\u015b\u0107 modu\u0142u jest zacieniona, u\u017cytkownik nadal mo\u017ce uzyska\u0107 50% wydajno\u015b\u0107 dzi\u0119ki g\u00f3rnej cz\u0119\u015bci, natomiast w przypadku pe\u0142nych ogniw wytwarzanie energii zostanie ca\u0142kowicie wstrzymane. Taka sytuacja mo\u017ce zaistnie\u0107 przy zacienieniu mi\u0119dzy rz\u0119dami w przypadku instalacji na dachach dom\u00f3w wolnostoj\u0105cych lub na dachach ze znacznym spadkiem. Dzi\u0119ki modu\u0142om half cut mo\u017cna uzyska\u0107 wy\u017csz\u0105 moc systemu i wy\u017cszy uzysk.\n<br\/><br\/>\n<img loading=\"lazy\" decoding=\"async\" src=\"https:\/\/www.fotowoltaikaexpert.pl\/wp-content\/uploads\/2022\/01\/210112_3-Panels-on-blue-1110x700px.jpg\" alt=\"\" width=\"1110\" height=\"700\" class=\"alignnone size-full wp-image-1818\" srcset=\"https:\/\/www.fotowoltaikaexpert.pl\/wp-content\/uploads\/2022\/01\/210112_3-Panels-on-blue-1110x700px.jpg 1110w, https:\/\/www.fotowoltaikaexpert.pl\/wp-content\/uploads\/2022\/01\/210112_3-Panels-on-blue-1110x700px-300x189.jpg 300w, https:\/\/www.fotowoltaikaexpert.pl\/wp-content\/uploads\/2022\/01\/210112_3-Panels-on-blue-1110x700px-1024x646.jpg 1024w, https:\/\/www.fotowoltaikaexpert.pl\/wp-content\/uploads\/2022\/01\/210112_3-Panels-on-blue-1110x700px-768x484.jpg 768w\" sizes=\"auto, (max-width: 1110px) 100vw, 1110px\" \/>\n<br\/><br\/>\n<h2>TW\u00d3J PARTNER Z BRAN\u017bY FOTOWOLTAICZNEJ NA CA\u0141E \u017bYCIE <\/h2>\nDzia\u0142amy na rynku produkt\u00f3w fotowoltaicznych od 60 lat \u2014 d\u0142u\u017cej ni\u017c jakakolwiek inna firma z bran\u017cy \u2014 do\u015bwiadczenie SHARP w tym segmencie jest poza konkurencj\u0105. Jako pionier fotowoltaiki, firma SHARP jest pozostaje od dekad si\u0142a nap\u0119dow\u0105 rozwoju technologii fotowoltaicznych i sprzeda\u0142a dotychczas ju\u017c ponad 50 modu\u0142\u00f3w. Modu\u0142y fotowoltaiczne SHARP s\u0105 wykorzystywane na ca\u0142ym \u015bwiecie w bardzo r\u00f3\u017cnych zastosowaniach i miejscach. Od g\u00f3r po pustynie, od stref polarnych po wilgotne i gor\u0105ce strefy zwrotnikowe \u2014 panele Sharp potwierdzaj\u0105 swoj\u0105 trwa\u0142o\u015b\u0107 i niezawodno\u015b\u0107. Wnikliwe testy przeprowadzane przez firm\u0119 SHARP na swoich produktach bazuj\u0105 na dekadach przemys\u0142owych do\u015bwiadcze\u0144 i s\u0105 nawet pi\u0119\u0107 razy bardziej restrykcyjne ni\u017c normy IEC.<\/div>\n\t\t\t\t<\/div>\n\t\t\t\t<\/div>\n\t\t\t\t\t<\/div>\n\t\t<\/div>\n\t\t\t\t<div class=\"elementor-column elementor-col-33 elementor-top-column elementor-element elementor-element-b2a18ee sidebar service-sidebar\" data-id=\"b2a18ee\" data-element_type=\"column\">\n\t\t\t<div class=\"elementor-widget-wrap elementor-element-populated\">\n\t\t\t\t\t\t\t\t<div class=\"elementor-element elementor-element-68357d9 elementor-widget elementor-widget-servicemenu_area__o\" data-id=\"68357d9\" data-element_type=\"widget\" data-widget_type=\"servicemenu_area__o.default\">\n\t\t\t\t<div class=\"elementor-widget-container\">\n\t\t\t            <div class=\"sidebar-widget services-widget\">\n                <div class=\"widget-inner\">\n                    <ul>\n                                                    <li class=\"\"><a href=\"https:\/\/www.fotowoltaikaexpert.pl\/?page_id=1351 \" ><span class=\"txt\">System SolarEdge<\/span> <span class=\"icon\"><i aria-hidden=\"true\" class=\" flaticon-solar-energy\"><\/i><\/span><\/a><\/li>\n                                                    <li class=\"\"><a href=\"https:\/\/www.fotowoltaikaexpert.pl\/?page_id=1715 \" ><span class=\"txt\">System Huawei<\/span> <span class=\"icon\"><i aria-hidden=\"true\" class=\" flaticon-solar-energy\"><\/i><\/span><\/a><\/li>\n                                                    <li class=\"\"><a href=\"https:\/\/www.fotowoltaikaexpert.pl\/?page_id=1655 \" ><span class=\"txt\">System Fronius<\/span> <span class=\"icon\"><i aria-hidden=\"true\" class=\" flaticon-solar-panel-1\"><\/i><\/span><\/a><\/li>\n                                                    <li class=\"active\"><a href=\"https:\/\/www.fotowoltaikaexpert.pl\/?page_id=1655 \" ><span class=\"txt\">Panele Sharp<\/span> <span class=\"icon\"><i aria-hidden=\"true\" class=\" flaticon-solar-panel-1\"><\/i><\/span><\/a><\/li>\n                                                    <li class=\"\"><a href=\"https:\/\/www.fotowoltaikaexpert.pl\/?page_id=1378 \" ><span class=\"txt\">Panele LongiSolar<\/span> <span class=\"icon\"><i aria-hidden=\"true\" class=\" flaticon-solar-panel-1\"><\/i><\/span><\/a><\/li>\n                                            <\/ul>\n                <\/div>\n            <\/div>\n        \t\t<\/div>\n\t\t\t\t<\/div>\n\t\t\t\t<div class=\"elementor-element elementor-element-dafb419 elementor-widget elementor-widget-actionbar_area__o\" data-id=\"dafb419\" data-element_type=\"widget\" data-widget_type=\"actionbar_area__o.default\">\n\t\t\t\t<div class=\"elementor-widget-container\">\n\t\t\t            <div class=\"sidebar-widget info-widget\">\n                <div class=\"widget-inner\">\n                    <div class=\"image\"><a href=\"#\" class=\"\"><img decoding=\"async\" src=\"https:\/\/www.fotowoltaikaexpert.pl\/wp-content\/uploads\/2020\/06\/featured-image-38.jpg\" alt=\"\"><\/a><\/div>\n                    <div class=\"lower\">\n                        \n                        <div class=\"subtitle\">Masz jakie\u015b pytania? <br>Zadzwo\u0144 !<\/div>\n                        <div class=\"icon-box\"><span class=\"flaticon-telephone-1\"><\/span><\/div>\n                        <div class=\"phone\"><a href=\"tel:+48 784 990 490\">+48 784 990 490 <\/a><\/div>\n                        <div class=\"email\"><a href=\"mailto:biuro@fotowoltaikaexpert.pl\">biuro@fotowoltaikaexpert.pl<\/a><\/div>                    <\/div>\n                <\/div>\n            <\/div>\n        \t\t<\/div>\n\t\t\t\t<\/div>\n\t\t\t\t\t<\/div>\n\t\t<\/div>\n\t\t\t\t\t\t\t<\/div>\n\t\t<\/section>\n\t\t\t\t\t\t<\/div>\n\t\t\t\t\t<\/div>\n\t\t","protected":false},"excerpt":{"rendered":"<p>Dlaczego Sharp? Wyb\u00f3r modu\u0142u fotowoltaicznego &#8211; wa\u017cne czynniki Firmy [&hellip;]<\/p>\n","protected":false},"author":1,"featured_media":25,"parent":566,"menu_order":2,"comment_status":"closed","ping_status":"closed","template":"elementor_header_footer","meta":{"footnotes":""},"class_list":["post-1706","page","type-page","status-publish","has-post-thumbnail","hentry"],"_links":{"self":[{"href":"https:\/\/www.fotowoltaikaexpert.pl\/index.php?rest_route=\/wp\/v2\/pages\/1706","targetHints":{"allow":["GET"]}}],"collection":[{"href":"https:\/\/www.fotowoltaikaexpert.pl\/index.php?rest_route=\/wp\/v2\/pages"}],"about":[{"href":"https:\/\/www.fotowoltaikaexpert.pl\/index.php?rest_route=\/wp\/v2\/types\/page"}],"author":[{"embeddable":true,"href":"https:\/\/www.fotowoltaikaexpert.pl\/index.php?rest_route=\/wp\/v2\/users\/1"}],"replies":[{"embeddable":true,"href":"https:\/\/www.fotowoltaikaexpert.pl\/index.php?rest_route=%2Fwp%2Fv2%2Fcomments&post=1706"}],"version-history":[{"count":34,"href":"https:\/\/www.fotowoltaikaexpert.pl\/index.php?rest_route=\/wp\/v2\/pages\/1706\/revisions"}],"predecessor-version":[{"id":1824,"href":"https:\/\/www.fotowoltaikaexpert.pl\/index.php?rest_route=\/wp\/v2\/pages\/1706\/revisions\/1824"}],"up":[{"embeddable":true,"href":"https:\/\/www.fotowoltaikaexpert.pl\/index.php?rest_route=\/wp\/v2\/pages\/566"}],"wp:featuredmedia":[{"embeddable":true,"href":"https:\/\/www.fotowoltaikaexpert.pl\/index.php?rest_route=\/wp\/v2\/media\/25"}],"wp:attachment":[{"href":"https:\/\/www.fotowoltaikaexpert.pl\/index.php?rest_route=%2Fwp%2Fv2%2Fmedia&parent=1706"}],"curies":[{"name":"wp","href":"https:\/\/api.w.org\/{rel}","templated":true}]}}