{"id":555,"date":"2019-12-15T09:05:20","date_gmt":"2019-12-15T09:05:20","guid":{"rendered":"http:\/\/smartdemowp.com\/strnix\/?page_id=555"},"modified":"2021-03-02T22:41:59","modified_gmt":"2021-03-02T21:41:59","slug":"get-in-touch","status":"publish","type":"page","link":"https:\/\/www.fotowoltaikaexpert.pl\/?page_id=555","title":{"rendered":"Kontakt"},"content":{"rendered":"\t\t<div data-elementor-type=\"wp-page\" data-elementor-id=\"555\" class=\"elementor elementor-555\" data-elementor-settings=\"[]\">\n\t\t\t\t\t\t\t<div class=\"elementor-section-wrap\">\n\t\t\t\t\t\t\t<section class=\"elementor-section elementor-top-section elementor-element elementor-element-bb71240 elementor-section-full_width elementor-section-height-default elementor-section-height-default\" data-id=\"bb71240\" data-element_type=\"section\">\n\t\t\t\t\t\t<div class=\"elementor-container elementor-column-gap-default\">\n\t\t\t\t\t<div class=\"elementor-column elementor-col-100 elementor-top-column elementor-element elementor-element-967f6a5\" data-id=\"967f6a5\" data-element_type=\"column\">\n\t\t\t<div class=\"elementor-widget-wrap elementor-element-populated\">\n\t\t\t\t\t\t\t\t<div class=\"elementor-element elementor-element-e68f919 elementor-widget elementor-widget-contact_us_one\" data-id=\"e68f919\" data-element_type=\"widget\" data-widget_type=\"contact_us_one.default\">\n\t\t\t\t<div class=\"elementor-widget-container\">\n\t\t\t            <section class=\"contact-section contact-page\">\n                <div class=\"auto-container\">\n                    <div class=\"info-blocks\">\n                        <div class=\"row clearfix\">\n                                                            <div class=\"info-block col-lg-4 col-md-6 col-sm-12 wow fadeInUp animated\" data-wow-delay=\"0ms\" data-wow-duration=\"2000ms\" style=\"visibility: visible; animation-duration: 2000ms; animation-delay: 0ms; animation-name: fadeInUp;\">\n                                    <div class=\"inner\">\n                                        <div class=\"icon\"><img decoding=\"async\" src=\"https:\/\/www.fotowoltaikaexpert.pl\/wp-content\/uploads\/2020\/06\/icon-message-1.png\" alt=\"\"><\/div>\n                                        <strong>Zapraszamy do kontaktu<\/strong>\n                                        <ul class=\"info\">\n                                        <ul>\n \t<li>Dzia\u0142amy na terenie woj. warmi\u0144sko-mazurskiego i podlaskiego<\/li>\n<\/ul>                                        <\/ul>\n                                    <\/div>\n                                <\/div>\n                                                            <div class=\"info-block col-lg-4 col-md-6 col-sm-12 wow fadeInUp animated\" data-wow-delay=\"0ms\" data-wow-duration=\"2000ms\" style=\"visibility: visible; animation-duration: 2000ms; animation-delay: 0ms; animation-name: fadeInUp;\">\n                                    <div class=\"inner\">\n                                        <div class=\"icon\"><img decoding=\"async\" src=\"https:\/\/www.fotowoltaikaexpert.pl\/wp-content\/uploads\/2020\/06\/icon-call-1.png\" alt=\"\"><\/div>\n                                        <strong>Pomo\u017cemy w doborze instalacji<\/strong>\n                                        <ul class=\"info\">\n                                        <ul>\n \t<li><a href=\"tel:+48 784 990 490\">+48 784 990 490<\/a><\/li>\n<li>Darmowa wycena<\/li>\n \t\n<\/ul>                                        <\/ul>\n                                    <\/div>\n                                <\/div>\n                                                            <div class=\"info-block col-lg-4 col-md-6 col-sm-12 wow fadeInUp animated\" data-wow-delay=\"0ms\" data-wow-duration=\"2000ms\" style=\"visibility: visible; animation-duration: 2000ms; animation-delay: 0ms; animation-name: fadeInUp;\">\n                                    <div class=\"inner\">\n                                        <div class=\"icon\"><img decoding=\"async\" src=\"https:\/\/www.fotowoltaikaexpert.pl\/wp-content\/uploads\/2020\/06\/icon-mail-1.png\" alt=\"\"><\/div>\n                                        <strong>Adres email<\/strong>\n                                        <ul class=\"info\">\n                                        <ul>\n \t<li><a href=\"mailto:biuro@fotowoltaikaexpert.pl\">biuro@fotowoltaikaexpert.pl<\/a><\/li>\n \t<li>Je\u015bli masz pytania napisz<\/li>\n<\/ul>                                        <\/ul>\n                                    <\/div>\n                                <\/div>\n                                                    <\/div>\n                    <\/div>\n                <\/div>\n            <\/section>\n        \t\t<\/div>\n\t\t\t\t<\/div>\n\t\t\t\t\t<\/div>\n\t\t<\/div>\n\t\t\t\t\t\t\t<\/div>\n\t\t<\/section>\n\t\t\t\t<section class=\"elementor-section elementor-top-section elementor-element elementor-element-76b5d9c elementor-section-full_width elementor-section-height-default elementor-section-height-default\" data-id=\"76b5d9c\" data-element_type=\"section\">\n\t\t\t\t\t\t<div class=\"elementor-container elementor-column-gap-default\">\n\t\t\t\t\t<div class=\"elementor-column elementor-col-100 elementor-top-column elementor-element elementor-element-a984f0b\" data-id=\"a984f0b\" data-element_type=\"column\">\n\t\t\t<div class=\"elementor-widget-wrap elementor-element-populated\">\n\t\t\t\t\t\t\t\t<div class=\"elementor-element elementor-element-4dd4812 elementor-widget elementor-widget-forms_area__o\" data-id=\"4dd4812\" data-element_type=\"widget\" data-widget_type=\"forms_area__o.default\">\n\t\t\t\t<div class=\"elementor-widget-container\">\n\t\t\t                            <section class=\"contact-section\">\n                <div class=\"map-image-layer\"><\/div>\n                <div class=\"auto-container\">\n                    <div class=\"content-box clearfix wow fadeInUp\" data-wow-delay=\"0ms\"  data-wow-duration=\"2000ms\">\n                        <div class=\"form-box clearfix\">\n                                                                <div class=\"sec-title light-title wow fadeInLeft left\" data-wow-delay=\"0ms\"  data-wow-duration=\"1000ms\">\n                                                                <h2>Nie chcesz p\u0142aci\u0107 za pr\u0105d?<br>Skontaktuj si\u0119 z nami<\/h2>\n                                                            <div class=\"bottom-dots clearfix\">\n                        <span class=\"dot line-dot\"><\/span>\n                        <span class=\"dot\"><\/span>\n                        <span class=\"dot\"><\/span>\n                        <span class=\"dot\"><\/span>\n                    <\/div>\n                <\/div>\n                                                                    \t                            <div class=\"default-form contact-form\">\n                                <div role=\"form\" class=\"wpcf7\" id=\"wpcf7-f443-o1\" lang=\"en-US\" dir=\"ltr\">\n<div class=\"screen-reader-response\"><p role=\"status\" aria-live=\"polite\" aria-atomic=\"true\"><\/p> <ul><\/ul><\/div>\n<form action=\"\/index.php?rest_route=%2Fwp%2Fv2%2Fpages%2F555#wpcf7-f443-o1\" method=\"post\" class=\"wpcf7-form init\" novalidate=\"novalidate\" data-status=\"init\">\n<div style=\"display: none;\">\n<input type=\"hidden\" name=\"_wpcf7\" value=\"443\" \/>\n<input type=\"hidden\" name=\"_wpcf7_version\" value=\"5.3.2\" \/>\n<input type=\"hidden\" name=\"_wpcf7_locale\" value=\"en_US\" \/>\n<input type=\"hidden\" name=\"_wpcf7_unit_tag\" value=\"wpcf7-f443-o1\" \/>\n<input type=\"hidden\" name=\"_wpcf7_container_post\" value=\"0\" \/>\n<input type=\"hidden\" name=\"_wpcf7_posted_data_hash\" value=\"\" \/>\n<\/div>\n<div class=\"row clearfix\">\n<div class=\"col-lg-6 col-md-6 col-sm-12 form-group\"> <input type=\"text\" name=\"field-name\" placeholder=\"Imi\u0119\" required=\"\"> <\/div>\n<div class=\"col-lg-6 col-md-6 col-sm-12 form-group\"> <input type=\"email\" name=\"field-name\" placeholder=\"Adres email\" required=\"\"> <\/div>\n<div class=\"col-lg-12 col-md-12 col-sm-12 form-group\"> <input type=\"text\" name=\"field-name\" placeholder=\"Tytu\u0142\" required=\"\"> <\/div>\n<div class=\"col-md-12 col-sm-12 form-group\"> <textarea name=\"field-name\" placeholder=\"Wiadomo\u015b\u0107\"><\/textarea> <\/div>\n<div class=\"col-md-12 col-sm-12 form-group\"> <button type=\"submit\" class=\"theme-btn btn-style-eight\"><span class=\"btn-title\"><span class=\"btn-txt\">Wy\u015blij<\/span><span class=\"btn-icon\"><span class=\"icon flaticon-arrows-11\"><\/span> <\/span><\/span><\/button> <\/div>\n<\/div>\n<div class=\"wpcf7-response-output\" aria-hidden=\"true\"><\/div><\/form><\/div>                            <\/div>\n                        <\/div>\n                        <div class=\"image-layer\">\n                            <div class=\"info-box wow fadeInUp\" data-wow-delay=\"1000ms\"  data-wow-duration=\"1000ms\">\n                                <div class=\"subtitle\">Potrzebujesz wyceny? <\/div>\n                                <div class=\"phone\">\n                                    <span class=\"icon\">\n                                        <img decoding=\"async\" src=\"https:\/\/www.fotowoltaikaexpert.pl\/wp-content\/themes\/strnix\/assets\/images\/icons\/icon-call-1.png\" alt=\"\">\n                                    <\/span>\n                                    <a href=\"tel:+48784990490\">+48 784 990 490<\/a>                                <\/div>\n                            <\/div>\n                        <\/div>\n                    <\/div>\n                <\/div>\n            <\/section>\n                    \t\t<\/div>\n\t\t\t\t<\/div>\n\t\t\t\t\t<\/div>\n\t\t<\/div>\n\t\t\t\t\t\t\t<\/div>\n\t\t<\/section>\n\t\t\t\t<section class=\"elementor-section elementor-top-section elementor-element elementor-element-4b939be elementor-section-full_width elementor-section-height-default elementor-section-height-default\" data-id=\"4b939be\" data-element_type=\"section\">\n\t\t\t\t\t\t<div class=\"elementor-container elementor-column-gap-default\">\n\t\t\t\t\t<div class=\"elementor-column elementor-col-100 elementor-top-column elementor-element elementor-element-416e3f9\" data-id=\"416e3f9\" data-element_type=\"column\">\n\t\t\t<div class=\"elementor-widget-wrap\">\n\t\t\t\t\t\t\t\t\t<\/div>\n\t\t<\/div>\n\t\t\t\t\t\t\t<\/div>\n\t\t<\/section>\n\t\t\t\t\t\t<\/div>\n\t\t\t\t\t<\/div>\n\t\t","protected":false},"excerpt":{"rendered":"<p>Zapraszamy do kontaktu Dzia\u0142amy na terenie woj. warmi\u0144sko-mazurskiego i [&hellip;]<\/p>\n","protected":false},"author":1,"featured_media":23,"parent":0,"menu_order":0,"comment_status":"closed","ping_status":"closed","template":"elementor_header_footer","meta":{"footnotes":""},"class_list":["post-555","page","type-page","status-publish","has-post-thumbnail","hentry"],"_links":{"self":[{"href":"https:\/\/www.fotowoltaikaexpert.pl\/index.php?rest_route=\/wp\/v2\/pages\/555","targetHints":{"allow":["GET"]}}],"collection":[{"href":"https:\/\/www.fotowoltaikaexpert.pl\/index.php?rest_route=\/wp\/v2\/pages"}],"about":[{"href":"https:\/\/www.fotowoltaikaexpert.pl\/index.php?rest_route=\/wp\/v2\/types\/page"}],"author":[{"embeddable":true,"href":"https:\/\/www.fotowoltaikaexpert.pl\/index.php?rest_route=\/wp\/v2\/users\/1"}],"replies":[{"embeddable":true,"href":"https:\/\/www.fotowoltaikaexpert.pl\/index.php?rest_route=%2Fwp%2Fv2%2Fcomments&post=555"}],"version-history":[{"count":21,"href":"https:\/\/www.fotowoltaikaexpert.pl\/index.php?rest_route=\/wp\/v2\/pages\/555\/revisions"}],"predecessor-version":[{"id":1253,"href":"https:\/\/www.fotowoltaikaexpert.pl\/index.php?rest_route=\/wp\/v2\/pages\/555\/revisions\/1253"}],"wp:featuredmedia":[{"embeddable":true,"href":"https:\/\/www.fotowoltaikaexpert.pl\/index.php?rest_route=\/wp\/v2\/media\/23"}],"wp:attachment":[{"href":"https:\/\/www.fotowoltaikaexpert.pl\/index.php?rest_route=%2Fwp%2Fv2%2Fmedia&parent=555"}],"curies":[{"name":"wp","href":"https:\/\/api.w.org\/{rel}","templated":true}]}}