{"id":566,"date":"2019-12-15T09:56:02","date_gmt":"2019-12-15T09:56:02","guid":{"rendered":"http:\/\/smartdemowp.com\/strnix\/?page_id=566"},"modified":"2021-07-16T07:54:36","modified_gmt":"2021-07-16T05:54:36","slug":"our-services","status":"publish","type":"page","link":"https:\/\/www.fotowoltaikaexpert.pl\/?page_id=566","title":{"rendered":"Sprz\u0119t instalacyjny"},"content":{"rendered":"\t\t<div data-elementor-type=\"wp-page\" data-elementor-id=\"566\" class=\"elementor elementor-566\" data-elementor-settings=\"[]\">\n\t\t\t\t\t\t\t<div class=\"elementor-section-wrap\">\n\t\t\t\t\t\t\t<section class=\"elementor-section elementor-top-section elementor-element elementor-element-a79323c elementor-section-full_width elementor-section-height-default elementor-section-height-default\" data-id=\"a79323c\" data-element_type=\"section\">\n\t\t\t\t\t\t<div class=\"elementor-container elementor-column-gap-default\">\n\t\t\t\t\t<div class=\"elementor-column elementor-col-100 elementor-top-column elementor-element elementor-element-c3eeb5c\" data-id=\"c3eeb5c\" data-element_type=\"column\">\n\t\t\t<div class=\"elementor-widget-wrap elementor-element-populated\">\n\t\t\t\t\t\t\t\t<div class=\"elementor-element elementor-element-7531802 elementor-widget elementor-widget-services_area__o\" data-id=\"7531802\" data-element_type=\"widget\" data-widget_type=\"services_area__o.default\">\n\t\t\t\t<div class=\"elementor-widget-container\">\n\t\t\t                                                            \n            <section class=\"services-section-four\">\n\n        <div class=\"auto-container\">\n                                                <div class=\"sec-title dark-title wow fadeInLeft centered\" data-wow-delay=\"0ms\"  data-wow-duration=\"1000ms\">\n                                                                <h2>Markowy sprz\u0119t topowych producent\u00f3w<\/h2>\n                                                                <div class=\"subtitle\">Nasi eksperci dobior\u0105 optymalny falownik oraz panele dla twoich potrzeb\n<\/div>\n                                        <div class=\"bottom-dots clearfix\">\n                        <span class=\"dot line-dot\"><\/span>\n                        <span class=\"dot\"><\/span>\n                        <span class=\"dot\"><\/span>\n                        <span class=\"dot\"><\/span>\n                    <\/div>\n                <\/div>\n                                                                    \t\n            <div class=\"row clearfix\">\n                                    <div class=\"service-block-five col-lg-4 col-md-6 col-sm-12 wow fadeInUp\" data-wow-delay=\"0ms\"  data-wow-duration=\"2000ms\">\n                        <div class=\"inner-box\">\n                            <div class=\"image-box\">\n                                <figure class=\"image\"><img decoding=\"async\" src=\"https:\/\/www.fotowoltaikaexpert.pl\/wp-content\/uploads\/2021\/07\/2021-07-04-21_28_48-Window.png\" alt=\"\"><\/figure>\n                                <div class=\"hover-box\">\n                                    <div class=\"hover-inner\">\n                                        <div class=\"content\">\n                                            <div class=\"text\">SolarEdge to lider w produkcji falownik\u00f3w<\/div>\n                                            <div class=\"link-box\">\n                                                <a   target=_blank rel=nofollow href=\"https:\/\/www.fotowoltaikaexpert.pl\/?page_id=1351\"><span class=\"txt\">Otw\u00f3rz stron\u0119<\/span> <span class=\"icon flaticon-arrows-11\"><\/span><\/a>\n                                            <\/div>\n                                        <\/div>\n                                    <\/div>\n                                <\/div>\n                            <\/div>\n                            <div class=\"title-box\">\n                                <div class=\"title-inner\">\n                                    <div class=\"icon\"><span class=\"flaticon-settings\"><\/span><\/div>\n                                    <h3><a  target=_blank rel=nofollow href=\"https:\/\/www.fotowoltaikaexpert.pl\/?page_id=1351\">Falowniki SolarEdge<\/a><\/h3>\n                                <\/div>\n                            <\/div>\n                        <\/div>\n                    <\/div>\n                                    <div class=\"service-block-five col-lg-4 col-md-6 col-sm-12 wow fadeInUp\" data-wow-delay=\"0ms\"  data-wow-duration=\"2000ms\">\n                        <div class=\"inner-box\">\n                            <div class=\"image-box\">\n                                <figure class=\"image\"><img decoding=\"async\" src=\"https:\/\/www.fotowoltaikaexpert.pl\/wp-content\/uploads\/2021\/07\/Huawei-SUN.jpg\" alt=\"\"><\/figure>\n                                <div class=\"hover-box\">\n                                    <div class=\"hover-inner\">\n                                        <div class=\"content\">\n                                            <div class=\"text\"><\/div>\n                                            <div class=\"link-box\">\n                                                <a   target=_blank rel=nofollow href=\"https:\/\/www.fotowoltaikaexpert.pl\/?page_id=1715\"><span class=\"txt\">Otw\u00f3rz stron\u0119<\/span> <span class=\"icon flaticon-arrows-11\"><\/span><\/a>\n                                            <\/div>\n                                        <\/div>\n                                    <\/div>\n                                <\/div>\n                            <\/div>\n                            <div class=\"title-box\">\n                                <div class=\"title-inner\">\n                                    <div class=\"icon\"><span class=\"flaticon-settings\"><\/span><\/div>\n                                    <h3><a  target=_blank rel=nofollow href=\"https:\/\/www.fotowoltaikaexpert.pl\/?page_id=1715\">Falowniki Huawei<\/a><\/h3>\n                                <\/div>\n                            <\/div>\n                        <\/div>\n                    <\/div>\n                                    <div class=\"service-block-five col-lg-4 col-md-6 col-sm-12 wow fadeInUp\" data-wow-delay=\"0ms\"  data-wow-duration=\"2000ms\">\n                        <div class=\"inner-box\">\n                            <div class=\"image-box\">\n                                <figure class=\"image\"><img decoding=\"async\" src=\"https:\/\/www.fotowoltaikaexpert.pl\/wp-content\/uploads\/2021\/07\/2021-07-04-21_59_58-Window-1.png\" alt=\"\"><\/figure>\n                                <div class=\"hover-box\">\n                                    <div class=\"hover-inner\">\n                                        <div class=\"content\">\n                                            <div class=\"text\">\u015awiatowa klasa i serwis w Polsce<\/div>\n                                            <div class=\"link-box\">\n                                                <a   target=_blank rel=nofollow href=\"https:\/\/www.fotowoltaikaexpert.pl\/?page_id=1655\"><span class=\"txt\">Otw\u00f3rz stron\u0119<\/span> <span class=\"icon flaticon-arrows-11\"><\/span><\/a>\n                                            <\/div>\n                                        <\/div>\n                                    <\/div>\n                                <\/div>\n                            <\/div>\n                            <div class=\"title-box\">\n                                <div class=\"title-inner\">\n                                    <div class=\"icon\"><span class=\"flaticon-settings\"><\/span><\/div>\n                                    <h3><a  target=_blank rel=nofollow href=\"https:\/\/www.fotowoltaikaexpert.pl\/?page_id=1655\">Falowniki Fronius<\/a><\/h3>\n                                <\/div>\n                            <\/div>\n                        <\/div>\n                    <\/div>\n                                    <div class=\"service-block-five col-lg-4 col-md-6 col-sm-12 wow fadeInUp\" data-wow-delay=\"0ms\"  data-wow-duration=\"2000ms\">\n                        <div class=\"inner-box\">\n                            <div class=\"image-box\">\n                                <figure class=\"image\"><img decoding=\"async\" src=\"https:\/\/www.fotowoltaikaexpert.pl\/wp-content\/uploads\/2021\/07\/Sharp_NU_Serie_60_cells.jpg\" alt=\"\"><\/figure>\n                                <div class=\"hover-box\">\n                                    <div class=\"hover-inner\">\n                                        <div class=\"content\">\n                                            <div class=\"text\"><\/div>\n                                            <div class=\"link-box\">\n                                                <a   target=_blank rel=nofollow href=\"https:\/\/www.fotowoltaikaexpert.pl\/?page_id=1706\"><span class=\"txt\">Otw\u00f3rz stron\u0119<\/span> <span class=\"icon flaticon-arrows-11\"><\/span><\/a>\n                                            <\/div>\n                                        <\/div>\n                                    <\/div>\n                                <\/div>\n                            <\/div>\n                            <div class=\"title-box\">\n                                <div class=\"title-inner\">\n                                    <div class=\"icon\"><span class=\"flaticon-settings\"><\/span><\/div>\n                                    <h3><a  target=_blank rel=nofollow href=\"https:\/\/www.fotowoltaikaexpert.pl\/?page_id=1706\">Panele Sharp<\/a><\/h3>\n                                <\/div>\n                            <\/div>\n                        <\/div>\n                    <\/div>\n                                    <div class=\"service-block-five col-lg-4 col-md-6 col-sm-12 wow fadeInUp\" data-wow-delay=\"0ms\"  data-wow-duration=\"2000ms\">\n                        <div class=\"inner-box\">\n                            <div class=\"image-box\">\n                                <figure class=\"image\"><img decoding=\"async\" src=\"https:\/\/www.fotowoltaikaexpert.pl\/wp-content\/uploads\/2021\/07\/longi.jpg\" alt=\"\"><\/figure>\n                                <div class=\"hover-box\">\n                                    <div class=\"hover-inner\">\n                                        <div class=\"content\">\n                                            <div class=\"text\">Najpopularniejsze panele w Polsce<\/div>\n                                            <div class=\"link-box\">\n                                                <a   target=_blank rel=nofollow href=\"https:\/\/www.fotowoltaikaexpert.pl\/?page_id=1378\"><span class=\"txt\">Otw\u00f3rz stron\u0119<\/span> <span class=\"icon flaticon-arrows-11\"><\/span><\/a>\n                                            <\/div>\n                                        <\/div>\n                                    <\/div>\n                                <\/div>\n                            <\/div>\n                            <div class=\"title-box\">\n                                <div class=\"title-inner\">\n                                    <div class=\"icon\"><span class=\"flaticon-settings\"><\/span><\/div>\n                                    <h3><a  target=_blank rel=nofollow href=\"https:\/\/www.fotowoltaikaexpert.pl\/?page_id=1378\">Panele LongiSolar<\/a><\/h3>\n                                <\/div>\n                            <\/div>\n                        <\/div>\n                    <\/div>\n                            <\/div>\n\n            <div class=\"bottom-text wow fadeInUp\" data-wow-delay=\"500ms\"  data-wow-duration=\"1000ms\">\n                <div class=\"text\">Planujesz za\u0142o\u017cy\u0107 instalacj\u0119 fotowoltaiczn\u0105?  <br>Zadzwo\u0144 i popro\u015b o darmow\u0105 wycen\u0119 <span class=\"phone\"><a href=\"tel:+48 784 990 490\">+48 784 990 490<\/a><\/span><\/div>\n            <\/div>\n\n        <\/div>\n    <\/section>\n\n                    \t\t<\/div>\n\t\t\t\t<\/div>\n\t\t\t\t\t<\/div>\n\t\t<\/div>\n\t\t\t\t\t\t\t<\/div>\n\t\t<\/section>\n\t\t\t\t\t\t<\/div>\n\t\t\t\t\t<\/div>\n\t\t","protected":false},"excerpt":{"rendered":"<p>Markowy sprz\u0119t topowych producent\u00f3w Nasi eksperci dobior\u0105 optymalny falownik [&hellip;]<\/p>\n","protected":false},"author":1,"featured_media":24,"parent":0,"menu_order":0,"comment_status":"closed","ping_status":"closed","template":"elementor_header_footer","meta":{"footnotes":""},"class_list":["post-566","page","type-page","status-publish","has-post-thumbnail","hentry"],"_links":{"self":[{"href":"https:\/\/www.fotowoltaikaexpert.pl\/index.php?rest_route=\/wp\/v2\/pages\/566","targetHints":{"allow":["GET"]}}],"collection":[{"href":"https:\/\/www.fotowoltaikaexpert.pl\/index.php?rest_route=\/wp\/v2\/pages"}],"about":[{"href":"https:\/\/www.fotowoltaikaexpert.pl\/index.php?rest_route=\/wp\/v2\/types\/page"}],"author":[{"embeddable":true,"href":"https:\/\/www.fotowoltaikaexpert.pl\/index.php?rest_route=\/wp\/v2\/users\/1"}],"replies":[{"embeddable":true,"href":"https:\/\/www.fotowoltaikaexpert.pl\/index.php?rest_route=%2Fwp%2Fv2%2Fcomments&post=566"}],"version-history":[{"count":54,"href":"https:\/\/www.fotowoltaikaexpert.pl\/index.php?rest_route=\/wp\/v2\/pages\/566\/revisions"}],"predecessor-version":[{"id":1780,"href":"https:\/\/www.fotowoltaikaexpert.pl\/index.php?rest_route=\/wp\/v2\/pages\/566\/revisions\/1780"}],"wp:featuredmedia":[{"embeddable":true,"href":"https:\/\/www.fotowoltaikaexpert.pl\/index.php?rest_route=\/wp\/v2\/media\/24"}],"wp:attachment":[{"href":"https:\/\/www.fotowoltaikaexpert.pl\/index.php?rest_route=%2Fwp%2Fv2%2Fmedia&parent=566"}],"curies":[{"name":"wp","href":"https:\/\/api.w.org\/{rel}","templated":true}]}}